{"id":5525,"date":"2026-02-17T08:33:07","date_gmt":"2026-02-17T08:33:07","guid":{"rendered":"https:\/\/cafeteriasense.com\/?page_id=5525"},"modified":"2026-03-11T07:45:43","modified_gmt":"2026-03-11T07:45:43","slug":"fiestas-privadas-badalona","status":"publish","type":"page","link":"https:\/\/cafeteriasense.com\/es\/fiestas-privadas-badalona\/","title":{"rendered":"Fiestas Privadas Badalona"},"content":{"rendered":"<div class=\"wpb-content-wrapper\">[vc_section full_width=\u00bbstretch_row_content\u00bb css=\u00bb.vc_custom_1762257826445{padding-top: 80px !important;padding-bottom: 80px !important;}\u00bb][vc_row content_placement=\u00bbmiddle\u00bb equal_height=\u00bbyes\u00bb max_width_custom=\u00bb1200px\u00bb][vc_column width=\u00bb1\/2&#8243; css=\u00bb.vc_custom_1771323587754{background-color: #50535D !important;}\u00bb][vc_empty_space]<style>.vcex-button.vcex_69d05b070fee7{border-radius:var(--wpex-rounded-full);color:#fff8f1!important;border:1px solid #FFF8F1;font-family:Montserrat, sans-serif;font-weight:400;text-transform:uppercase;}.vcex-button.vcex_69d05b070fee7:hover{background:#fff8f1!important;color:#50535d!important;}<\/style><div class=\"theme-button-wrap textcenter wpex-clr\"><a href=\"#festes-privades\" class=\"vcex-button theme-button minimal-border align-center inline vcex_69d05b070fee7\" title=\"Festes Privades\"><span class=\"vcex-button-inner theme-button-inner wpex-flex wpex-flex-wrap wpex-items-center wpex-justify-center\">Fiestas Privadas<span class=\"vcex-button-icon vcex-icon-wrap theme-button-icon-right\"><span class=\"wpex-icon wpex-icon--bidi\" aria-hidden=\"true\"><svg xmlns=\"http:\/\/www.w3.org\/2000\/svg\" viewBox=\"0 0 320 512\"><path d=\"M278.6 233.4c12.5 12.5 12.5 32.8 0 45.3l-160 160c-12.5 12.5-32.8 12.5-45.3 0s-12.5-32.8 0-45.3L210.7 256 73.4 118.6c-12.5-12.5-12.5-32.8 0-45.3s32.8-12.5 45.3 0l160 160z\"\/><\/svg><\/span><\/span><\/span><\/a><\/div> [vc_empty_space][\/vc_column][vc_column width=\u00bb1\/2&#8243; css=\u00bb.vc_custom_1771323222154{background-color: #FFF8F1 !important;}\u00bb][vc_empty_space]<style>.vcex-button.vcex_69d05b0711608{border-radius:var(--wpex-rounded-full);color:#50535d!important;border:1px solid #50535D;font-family:Montserrat, sans-serif;font-weight:400;text-transform:uppercase;}.vcex-button.vcex_69d05b0711608:hover{background:#50535d!important;color:#fff8f1!important;}<\/style><div class=\"theme-button-wrap textcenter wpex-clr\"><a href=\"https:\/\/cafeteriasense.com\/es\/fiestas-infantiles-badalona\/\" class=\"vcex-button theme-button minimal-border align-center inline vcex_69d05b0711608\" title=\"Festes Infantils\"><span class=\"vcex-button-inner theme-button-inner wpex-flex wpex-flex-wrap wpex-items-center wpex-justify-center\">Fiestas Infantiles<span class=\"vcex-button-icon vcex-icon-wrap theme-button-icon-right\"><span class=\"wpex-icon wpex-icon--bidi\" aria-hidden=\"true\"><svg xmlns=\"http:\/\/www.w3.org\/2000\/svg\" viewBox=\"0 0 320 512\"><path d=\"M278.6 233.4c12.5 12.5 12.5 32.8 0 45.3l-160 160c-12.5 12.5-32.8 12.5-45.3 0s-12.5-32.8 0-45.3L210.7 256 73.4 118.6c-12.5-12.5-12.5-32.8 0-45.3s32.8-12.5 45.3 0l160 160z\"\/><\/svg><\/span><\/span><\/span><\/a><\/div> [vc_empty_space][\/vc_column][\/vc_row][vc_row content_placement=\u00bbmiddle\u00bb column_spacing=\u00bb0px\u00bb equal_height=\u00bbyes\u00bb remove_bottom_col_margin=\u00bbtrue\u00bb tablet_fullwidth_cols=\u00bbyes\u00bb max_width_custom=\u00bb1200px\u00bb][vc_column width=\u00bb1\/2&#8243; el_class=\u00bbcaixa-about-text-home\u00bb][vc_column_text css=\u00bb\u00bb el_class=\u00bbjustificar\u00bb el_id=\u00bbfestes-privades\u00bb]Disfruta del espacio de SenSe Caf\u00e9 en exclusiva para ti y para tus invitados, en un entorno cuidado hasta el \u00faltimo detalle y pensado para que te sientas como en casa. Ponemos a tu disposici\u00f3n un ambiente c\u00e1lido, acogedor y vers\u00e1til, ideal para cumplea\u00f1os, celebraciones familiares, encuentros con amigos o eventos especiales.<\/p>\n<p>Dise\u00f1amos men\u00fas a medida adaptados a tus gustos y necesidades, con propuestas dulces y saladas elaboradas con ingredientes de calidad y nuestra pasi\u00f3n por la cocina. Nos encargamos de crear una experiencia \u00fanica para que s\u00f3lo tengas que preocuparte de disfrutar del momento y compartirlo con los tuyos.[\/vc_column_text][vc_empty_space]<style>.vcex-button.vcex_69d05b0712103{border-radius:var(--wpex-rounded-full);color:#50535d!important;border:1px solid #50535D;font-family:Montserrat, sans-serif;font-weight:400;text-transform:uppercase;}.vcex-button.vcex_69d05b0712103:hover{background:#50535d!important;color:#fff8f1!important;}<\/style><div class=\"theme-button-wrap textcenter wpex-clr\"><a href=\"\/contacte\/\" class=\"vcex-button theme-button minimal-border align-center inline vcex_69d05b0712103\" title=\"Tens alguna pregunta o vols reservar?\"><span class=\"vcex-button-inner theme-button-inner wpex-flex wpex-flex-wrap wpex-items-center wpex-justify-center\">\u00bfTienes alguna pregunta o quieres reservar?<span class=\"vcex-button-icon vcex-icon-wrap theme-button-icon-right\"><span class=\"wpex-icon wpex-icon--bidi\" aria-hidden=\"true\"><svg xmlns=\"http:\/\/www.w3.org\/2000\/svg\" viewBox=\"0 0 320 512\"><path d=\"M278.6 233.4c12.5 12.5 12.5 32.8 0 45.3l-160 160c-12.5 12.5-32.8 12.5-45.3 0s-12.5-32.8 0-45.3L210.7 256 73.4 118.6c-12.5-12.5-12.5-32.8 0-45.3s32.8-12.5 45.3 0l160 160z\"\/><\/svg><\/span><\/span><\/span><\/a><\/div> [\/vc_column][vc_column width=\u00bb1\/2&#8243; min_height=\u00bb500px\u00bb css=\u00bb.vc_custom_1771317319659{background-image: url(https:\/\/cafeteriasense.com\/wp-content\/uploads\/2025\/08\/img-oferta-gastronomica-5.jpg?id=5010) !important;background-position: center !important;background-repeat: no-repeat !important;background-size: cover !important;}\u00bb][\/vc_column][\/vc_row][vc_row][vc_column][vc_empty_space][\/vc_column][\/vc_row][vc_row][vc_column]<style>.vcex-heading.vcex_69d05b0712f65{font-size:40px;font-weight:600;}<\/style><h4 class=\"vcex-heading vcex-heading-plain vcex-module wpex-heading wpex-text-2xl wpex-mt-10 wpex-mb-15 wpex-text-center vcex_69d05b0712f65\"><span class=\"vcex-heading-inner wpex-inline-block\">Galer\u00eda<\/span><\/h4><div class=\"vcex-image-grid-wrap\"><div class=\"vcex-module vcex-image-grid vcex-justified-gallery wpex-clr wpex-lightbox-group\" data-justified-gallery=\"{&quot;selector&quot;:&quot;vcex-image-grid-entry&quot;,&quot;margins&quot;:8,&quot;rowHeight&quot;:250,&quot;lastRow&quot;:&quot;justify&quot;,&quot;captions&quot;:false}\"><div class=\"id-5406 vcex-image-grid-entry vcex-grid-item wpex-text-center\"><figure class=\"vcex-image-grid-entry-figure wpex-last-mb-0 wpex-clr\"><div class=\"vcex-image-grid-entry-img entry-media wpex-relative wpex-mb-20\"><a href=\"https:\/\/cafeteriasense.com\/wp-content\/uploads\/2026\/02\/Festes-SenSe-privades.jpeg\" class=\"vcex-image-grid-entry-link wpex-lightbox-group-item\" ><img width=\"1500\" height=\"2000\" src=\"https:\/\/cafeteriasense.com\/wp-content\/uploads\/2026\/02\/Festes-SenSe-privades.jpeg\" class=\"wpex-align-middle skip-lazy\" alt=\"\" data-no-lazy=\"1\" srcset=\"https:\/\/cafeteriasense.com\/wp-content\/uploads\/2026\/02\/Festes-SenSe-privades.jpeg 1500w, https:\/\/cafeteriasense.com\/wp-content\/uploads\/2026\/02\/Festes-SenSe-privades-225x300.jpeg 225w, https:\/\/cafeteriasense.com\/wp-content\/uploads\/2026\/02\/Festes-SenSe-privades-768x1024.jpeg 768w, https:\/\/cafeteriasense.com\/wp-content\/uploads\/2026\/02\/Festes-SenSe-privades-1152x1536.jpeg 1152w\" sizes=\"(max-width: 1500px) 100vw, 1500px\" \/><\/a><\/div><\/figure><\/div><div class=\"id-5408 vcex-image-grid-entry vcex-grid-item wpex-text-center\"><figure class=\"vcex-image-grid-entry-figure wpex-last-mb-0 wpex-clr\"><div class=\"vcex-image-grid-entry-img entry-media wpex-relative wpex-mb-20\"><a href=\"https:\/\/cafeteriasense.com\/wp-content\/uploads\/2026\/02\/SenSe-festes-privades.jpeg\" class=\"vcex-image-grid-entry-link wpex-lightbox-group-item\" ><img width=\"1500\" height=\"2000\" src=\"https:\/\/cafeteriasense.com\/wp-content\/uploads\/2026\/02\/SenSe-festes-privades.jpeg\" class=\"wpex-align-middle skip-lazy\" alt=\"\" data-no-lazy=\"1\" srcset=\"https:\/\/cafeteriasense.com\/wp-content\/uploads\/2026\/02\/SenSe-festes-privades.jpeg 1500w, https:\/\/cafeteriasense.com\/wp-content\/uploads\/2026\/02\/SenSe-festes-privades-225x300.jpeg 225w, https:\/\/cafeteriasense.com\/wp-content\/uploads\/2026\/02\/SenSe-festes-privades-768x1024.jpeg 768w, https:\/\/cafeteriasense.com\/wp-content\/uploads\/2026\/02\/SenSe-festes-privades-1152x1536.jpeg 1152w\" sizes=\"(max-width: 1500px) 100vw, 1500px\" \/><\/a><\/div><\/figure><\/div><div class=\"id-5402 vcex-image-grid-entry vcex-grid-item wpex-text-center\"><figure class=\"vcex-image-grid-entry-figure wpex-last-mb-0 wpex-clr\"><div class=\"vcex-image-grid-entry-img entry-media wpex-relative wpex-mb-20\"><a href=\"https:\/\/cafeteriasense.com\/wp-content\/uploads\/2026\/02\/festes-privades-badalona-SenSe.jpeg\" class=\"vcex-image-grid-entry-link wpex-lightbox-group-item\" ><img width=\"1500\" height=\"2000\" src=\"https:\/\/cafeteriasense.com\/wp-content\/uploads\/2026\/02\/festes-privades-badalona-SenSe.jpeg\" class=\"wpex-align-middle skip-lazy\" alt=\"\" data-no-lazy=\"1\" srcset=\"https:\/\/cafeteriasense.com\/wp-content\/uploads\/2026\/02\/festes-privades-badalona-SenSe.jpeg 1500w, https:\/\/cafeteriasense.com\/wp-content\/uploads\/2026\/02\/festes-privades-badalona-SenSe-225x300.jpeg 225w, https:\/\/cafeteriasense.com\/wp-content\/uploads\/2026\/02\/festes-privades-badalona-SenSe-768x1024.jpeg 768w, https:\/\/cafeteriasense.com\/wp-content\/uploads\/2026\/02\/festes-privades-badalona-SenSe-1152x1536.jpeg 1152w\" sizes=\"(max-width: 1500px) 100vw, 1500px\" \/><\/a><\/div><\/figure><\/div><div class=\"id-5404 vcex-image-grid-entry vcex-grid-item wpex-text-center\"><figure class=\"vcex-image-grid-entry-figure wpex-last-mb-0 wpex-clr\"><div class=\"vcex-image-grid-entry-img entry-media wpex-relative wpex-mb-20\"><a href=\"https:\/\/cafeteriasense.com\/wp-content\/uploads\/2026\/02\/Festes-privades-SenSe.jpeg\" class=\"vcex-image-grid-entry-link wpex-lightbox-group-item\" ><img width=\"1500\" height=\"2000\" src=\"https:\/\/cafeteriasense.com\/wp-content\/uploads\/2026\/02\/Festes-privades-SenSe.jpeg\" class=\"wpex-align-middle skip-lazy\" alt=\"\" data-no-lazy=\"1\" srcset=\"https:\/\/cafeteriasense.com\/wp-content\/uploads\/2026\/02\/Festes-privades-SenSe.jpeg 1500w, https:\/\/cafeteriasense.com\/wp-content\/uploads\/2026\/02\/Festes-privades-SenSe-225x300.jpeg 225w, https:\/\/cafeteriasense.com\/wp-content\/uploads\/2026\/02\/Festes-privades-SenSe-768x1024.jpeg 768w, https:\/\/cafeteriasense.com\/wp-content\/uploads\/2026\/02\/Festes-privades-SenSe-1152x1536.jpeg 1152w\" sizes=\"(max-width: 1500px) 100vw, 1500px\" \/><\/a><\/div><\/figure><\/div><\/div><\/div>[\/vc_column][\/vc_row][\/vc_section]\n<\/div>","protected":false},"excerpt":{"rendered":"<p>[vc_section full_width=\u00bbstretch_row_content\u00bb css=\u00bb.vc_custom_1762257826445{padding-top: 80px !important;padding-bottom: 80px !important;}\u00bb][vc_row content_placement=\u00bbmiddle\u00bb equal_height=\u00bbyes\u00bb max_width_custom=\u00bb1200px\u00bb][vc_column width=\u00bb1\/2&#8243; css=\u00bb.vc_custom_1771323587754{background-color: #50535D !important;}\u00bb][vc_empty_space][vc_empty_space][\/vc_column][vc_column width=\u00bb1\/2&#8243; css=\u00bb.vc_custom_1771323222154{background-color: #FFF8F1 !important;}\u00bb][vc_empty_space][vc_empty_space][\/vc_column][\/vc_row][vc_row content_placement=\u00bbmiddle\u00bb column_spacing=\u00bb0px\u00bb equal_height=\u00bbyes\u00bb remove_bottom_col_margin=\u00bbtrue\u00bb tablet_fullwidth_cols=\u00bbyes\u00bb max_width_custom=\u00bb1200px\u00bb][vc_column width=\u00bb1\/2&#8243; el_class=\u00bbcaixa-about-text-home\u00bb][vc_column_text css=\u00bb\u00bb el_class=\u00bbjustificar\u00bb el_id=\u00bbfestes-privades\u00bb]Disfruta del espacio de SenSe Caf\u00e9 en exclusiva para ti y para tus invitados, en un entorno cuidado hasta el \u00faltimo detalle y pensado para que te&hellip;<\/p>\n","protected":false},"author":1,"featured_media":0,"parent":0,"menu_order":0,"comment_status":"closed","ping_status":"closed","template":"","meta":{"footnotes":""},"class_list":["post-5525","page","type-page","status-publish","hentry","entry","no-media"],"yoast_head":"<!-- This site is optimized with the Yoast SEO plugin v25.8 - https:\/\/yoast.com\/wordpress\/plugins\/seo\/ -->\n<title>Fiestas Privadas Badalona - SenSe Caf\u00e8<\/title>\n<meta name=\"robots\" content=\"index, follow, max-snippet:-1, max-image-preview:large, max-video-preview:-1\" \/>\n<link rel=\"canonical\" href=\"https:\/\/cafeteriasense.com\/es\/fiestas-privadas-badalona\/\" \/>\n<meta property=\"og:locale\" content=\"es_ES\" \/>\n<meta property=\"og:type\" content=\"article\" \/>\n<meta property=\"og:title\" content=\"Fiestas Privadas Badalona - SenSe Caf\u00e8\" \/>\n<meta property=\"og:description\" content=\"[vc_section full_width=\u00bbstretch_row_content\u00bb css=\u00bb.vc_custom_1762257826445{padding-top: 80px !important;padding-bottom: 80px !important;}\u00bb][vc_row content_placement=\u00bbmiddle\u00bb equal_height=\u00bbyes\u00bb max_width_custom=\u00bb1200px\u00bb][vc_column width=\u00bb1\/2&#8243; css=\u00bb.vc_custom_1771323587754{background-color: #50535D !important;}\u00bb][vc_empty_space][vc_empty_space][\/vc_column][vc_column width=\u00bb1\/2&#8243; css=\u00bb.vc_custom_1771323222154{background-color: #FFF8F1 !important;}\u00bb][vc_empty_space][vc_empty_space][\/vc_column][\/vc_row][vc_row content_placement=\u00bbmiddle\u00bb column_spacing=\u00bb0px\u00bb equal_height=\u00bbyes\u00bb remove_bottom_col_margin=\u00bbtrue\u00bb tablet_fullwidth_cols=\u00bbyes\u00bb max_width_custom=\u00bb1200px\u00bb][vc_column width=\u00bb1\/2&#8243; el_class=\u00bbcaixa-about-text-home\u00bb][vc_column_text css=\u00bb\u00bb el_class=\u00bbjustificar\u00bb el_id=\u00bbfestes-privades\u00bb]Disfruta del espacio de SenSe Caf\u00e9 en exclusiva para ti y para tus invitados, en un entorno cuidado hasta el \u00faltimo detalle y pensado para que te&hellip;\" \/>\n<meta property=\"og:url\" content=\"https:\/\/cafeteriasense.com\/es\/fiestas-privadas-badalona\/\" \/>\n<meta property=\"og:site_name\" content=\"SenSe Caf\u00e8\" \/>\n<meta property=\"article:modified_time\" content=\"2026-03-11T07:45:43+00:00\" \/>\n<meta name=\"twitter:card\" content=\"summary_large_image\" \/>\n<meta name=\"twitter:label1\" content=\"Tiempo de lectura\" \/>\n\t<meta name=\"twitter:data1\" content=\"2 minutos\" \/>\n<script type=\"application\/ld+json\" class=\"yoast-schema-graph\">{\"@context\":\"https:\/\/schema.org\",\"@graph\":[{\"@type\":\"WebPage\",\"@id\":\"https:\/\/cafeteriasense.com\/es\/fiestas-privadas-badalona\/\",\"url\":\"https:\/\/cafeteriasense.com\/es\/fiestas-privadas-badalona\/\",\"name\":\"Fiestas Privadas Badalona - SenSe Caf\u00e8\",\"isPartOf\":{\"@id\":\"https:\/\/cafeteriasense.com\/#website\"},\"datePublished\":\"2026-02-17T08:33:07+00:00\",\"dateModified\":\"2026-03-11T07:45:43+00:00\",\"breadcrumb\":{\"@id\":\"https:\/\/cafeteriasense.com\/es\/fiestas-privadas-badalona\/#breadcrumb\"},\"inLanguage\":\"es\",\"potentialAction\":[{\"@type\":\"ReadAction\",\"target\":[\"https:\/\/cafeteriasense.com\/es\/fiestas-privadas-badalona\/\"]}]},{\"@type\":\"BreadcrumbList\",\"@id\":\"https:\/\/cafeteriasense.com\/es\/fiestas-privadas-badalona\/#breadcrumb\",\"itemListElement\":[{\"@type\":\"ListItem\",\"position\":1,\"name\":\"Home\",\"item\":\"https:\/\/cafeteriasense.com\/es\/\"},{\"@type\":\"ListItem\",\"position\":2,\"name\":\"Fiestas Privadas Badalona\"}]},{\"@type\":\"WebSite\",\"@id\":\"https:\/\/cafeteriasense.com\/#website\",\"url\":\"https:\/\/cafeteriasense.com\/\",\"name\":\"SenSe Caf\u00e8\",\"description\":\"Cafeteria al cor de Badalona\",\"publisher\":{\"@id\":\"https:\/\/cafeteriasense.com\/#organization\"},\"potentialAction\":[{\"@type\":\"SearchAction\",\"target\":{\"@type\":\"EntryPoint\",\"urlTemplate\":\"https:\/\/cafeteriasense.com\/?s={search_term_string}\"},\"query-input\":{\"@type\":\"PropertyValueSpecification\",\"valueRequired\":true,\"valueName\":\"search_term_string\"}}],\"inLanguage\":\"es\"},{\"@type\":\"Organization\",\"@id\":\"https:\/\/cafeteriasense.com\/#organization\",\"name\":\"SenSe Caf\u00e8\",\"url\":\"https:\/\/cafeteriasense.com\/\",\"logo\":{\"@type\":\"ImageObject\",\"inLanguage\":\"es\",\"@id\":\"https:\/\/cafeteriasense.com\/#\/schema\/logo\/image\/\",\"url\":\"https:\/\/cafeteriasense.com\/wp-content\/uploads\/2025\/08\/logo-blanc.png\",\"contentUrl\":\"https:\/\/cafeteriasense.com\/wp-content\/uploads\/2025\/08\/logo-blanc.png\",\"width\":682,\"height\":319,\"caption\":\"SenSe Caf\u00e8\"},\"image\":{\"@id\":\"https:\/\/cafeteriasense.com\/#\/schema\/logo\/image\/\"}}]}<\/script>\n<!-- \/ Yoast SEO plugin. -->","yoast_head_json":{"title":"Fiestas Privadas Badalona - SenSe Caf\u00e8","robots":{"index":"index","follow":"follow","max-snippet":"max-snippet:-1","max-image-preview":"max-image-preview:large","max-video-preview":"max-video-preview:-1"},"canonical":"https:\/\/cafeteriasense.com\/es\/fiestas-privadas-badalona\/","og_locale":"es_ES","og_type":"article","og_title":"Fiestas Privadas Badalona - SenSe Caf\u00e8","og_description":"[vc_section full_width=\u00bbstretch_row_content\u00bb css=\u00bb.vc_custom_1762257826445{padding-top: 80px !important;padding-bottom: 80px !important;}\u00bb][vc_row content_placement=\u00bbmiddle\u00bb equal_height=\u00bbyes\u00bb max_width_custom=\u00bb1200px\u00bb][vc_column width=\u00bb1\/2&#8243; css=\u00bb.vc_custom_1771323587754{background-color: #50535D !important;}\u00bb][vc_empty_space][vc_empty_space][\/vc_column][vc_column width=\u00bb1\/2&#8243; css=\u00bb.vc_custom_1771323222154{background-color: #FFF8F1 !important;}\u00bb][vc_empty_space][vc_empty_space][\/vc_column][\/vc_row][vc_row content_placement=\u00bbmiddle\u00bb column_spacing=\u00bb0px\u00bb equal_height=\u00bbyes\u00bb remove_bottom_col_margin=\u00bbtrue\u00bb tablet_fullwidth_cols=\u00bbyes\u00bb max_width_custom=\u00bb1200px\u00bb][vc_column width=\u00bb1\/2&#8243; el_class=\u00bbcaixa-about-text-home\u00bb][vc_column_text css=\u00bb\u00bb el_class=\u00bbjustificar\u00bb el_id=\u00bbfestes-privades\u00bb]Disfruta del espacio de SenSe Caf\u00e9 en exclusiva para ti y para tus invitados, en un entorno cuidado hasta el \u00faltimo detalle y pensado para que te&hellip;","og_url":"https:\/\/cafeteriasense.com\/es\/fiestas-privadas-badalona\/","og_site_name":"SenSe Caf\u00e8","article_modified_time":"2026-03-11T07:45:43+00:00","twitter_card":"summary_large_image","twitter_misc":{"Tiempo de lectura":"2 minutos"},"schema":{"@context":"https:\/\/schema.org","@graph":[{"@type":"WebPage","@id":"https:\/\/cafeteriasense.com\/es\/fiestas-privadas-badalona\/","url":"https:\/\/cafeteriasense.com\/es\/fiestas-privadas-badalona\/","name":"Fiestas Privadas Badalona - SenSe Caf\u00e8","isPartOf":{"@id":"https:\/\/cafeteriasense.com\/#website"},"datePublished":"2026-02-17T08:33:07+00:00","dateModified":"2026-03-11T07:45:43+00:00","breadcrumb":{"@id":"https:\/\/cafeteriasense.com\/es\/fiestas-privadas-badalona\/#breadcrumb"},"inLanguage":"es","potentialAction":[{"@type":"ReadAction","target":["https:\/\/cafeteriasense.com\/es\/fiestas-privadas-badalona\/"]}]},{"@type":"BreadcrumbList","@id":"https:\/\/cafeteriasense.com\/es\/fiestas-privadas-badalona\/#breadcrumb","itemListElement":[{"@type":"ListItem","position":1,"name":"Home","item":"https:\/\/cafeteriasense.com\/es\/"},{"@type":"ListItem","position":2,"name":"Fiestas Privadas Badalona"}]},{"@type":"WebSite","@id":"https:\/\/cafeteriasense.com\/#website","url":"https:\/\/cafeteriasense.com\/","name":"SenSe Caf\u00e8","description":"Cafeteria al cor de Badalona","publisher":{"@id":"https:\/\/cafeteriasense.com\/#organization"},"potentialAction":[{"@type":"SearchAction","target":{"@type":"EntryPoint","urlTemplate":"https:\/\/cafeteriasense.com\/?s={search_term_string}"},"query-input":{"@type":"PropertyValueSpecification","valueRequired":true,"valueName":"search_term_string"}}],"inLanguage":"es"},{"@type":"Organization","@id":"https:\/\/cafeteriasense.com\/#organization","name":"SenSe Caf\u00e8","url":"https:\/\/cafeteriasense.com\/","logo":{"@type":"ImageObject","inLanguage":"es","@id":"https:\/\/cafeteriasense.com\/#\/schema\/logo\/image\/","url":"https:\/\/cafeteriasense.com\/wp-content\/uploads\/2025\/08\/logo-blanc.png","contentUrl":"https:\/\/cafeteriasense.com\/wp-content\/uploads\/2025\/08\/logo-blanc.png","width":682,"height":319,"caption":"SenSe Caf\u00e8"},"image":{"@id":"https:\/\/cafeteriasense.com\/#\/schema\/logo\/image\/"}}]}},"_links":{"self":[{"href":"https:\/\/cafeteriasense.com\/es\/wp-json\/wp\/v2\/pages\/5525","targetHints":{"allow":["GET"]}}],"collection":[{"href":"https:\/\/cafeteriasense.com\/es\/wp-json\/wp\/v2\/pages"}],"about":[{"href":"https:\/\/cafeteriasense.com\/es\/wp-json\/wp\/v2\/types\/page"}],"author":[{"embeddable":true,"href":"https:\/\/cafeteriasense.com\/es\/wp-json\/wp\/v2\/users\/1"}],"replies":[{"embeddable":true,"href":"https:\/\/cafeteriasense.com\/es\/wp-json\/wp\/v2\/comments?post=5525"}],"version-history":[{"count":5,"href":"https:\/\/cafeteriasense.com\/es\/wp-json\/wp\/v2\/pages\/5525\/revisions"}],"predecessor-version":[{"id":5535,"href":"https:\/\/cafeteriasense.com\/es\/wp-json\/wp\/v2\/pages\/5525\/revisions\/5535"}],"wp:attachment":[{"href":"https:\/\/cafeteriasense.com\/es\/wp-json\/wp\/v2\/media?parent=5525"}],"curies":[{"name":"wp","href":"https:\/\/api.w.org\/{rel}","templated":true}]}}