{"id":5503,"date":"2026-02-02T15:25:35","date_gmt":"2026-02-02T15:25:35","guid":{"rendered":"https:\/\/cafeteriasense.com\/?page_id=5503"},"modified":"2026-03-11T07:36:32","modified_gmt":"2026-03-11T07:36:32","slug":"desayunos-en-badalona","status":"publish","type":"page","link":"https:\/\/cafeteriasense.com\/es\/desayunos-en-badalona\/","title":{"rendered":"Desayunos en Badalona"},"content":{"rendered":"<div class=\"wpb-content-wrapper\">[vc_section full_width=\u00bbstretch_row_content\u00bb css=\u00bb.vc_custom_1762257826445{padding-top: 80px !important;padding-bottom: 80px !important;}\u00bb][vc_row content_placement=\u00bbmiddle\u00bb column_spacing=\u00bb0px\u00bb equal_height=\u00bbyes\u00bb remove_bottom_col_margin=\u00bbtrue\u00bb tablet_fullwidth_cols=\u00bbyes\u00bb max_width_custom=\u00bb1200px\u00bb][vc_column width=\u00bb1\/2&#8243; el_class=\u00bbcaixa-about-text-home\u00bb][vc_column_text css=\u00bb\u00bb el_class=\u00bbjustificar\u00bb]\u00a1Ven a Cafeter\u00eda SenSe y empieza bien el d\u00eda con nuestro desayuno en Badalona! Disponemos de una extensa variedad de bocadillos fr\u00edos elaborados con ingredientes frescos y de calidad, disponibles en diferentes tama\u00f1os y combinaciones para adaptarse a todos los gustos y momentos del d\u00eda. Tambi\u00e9n preparamos bocadillos calientes a la plancha, hechos al momento para que conserven todo el sabor y textura ideal. La oferta se completa con una selecci\u00f3n de tostadas crujientes, croissants reci\u00e9n horneados, caf\u00e9 arom\u00e1tico y zumos naturales, pensados \u200b\u200bpara que puedas disfrutar de una pausa deliciosa, ya sea para el desayuno, tomar un bocado r\u00e1pido o compartir un rato tranquilo.[\/vc_column_text][\/vc_column][vc_column width=\u00bb1\/2&#8243; min_height=\u00bb500px\u00bb css=\u00bb.vc_custom_1770045714097{background-image: url(https:\/\/cafeteriasense.com\/wp-content\/uploads\/2025\/08\/img-oferta-gastronomica-1.jpg?id=4979) !important;background-position: center !important;background-repeat: no-repeat !important;background-size: cover !important;}\u00bb][\/vc_column][\/vc_row][vc_row][vc_column]<style>.vcex-heading.vcex_69d05af2aa37e{font-size:40px;font-weight:600;}<\/style><h4 class=\"vcex-heading vcex-heading-plain vcex-module wpex-heading wpex-text-2xl wpex-mt-10 wpex-mb-15 wpex-text-center vcex_69d05af2aa37e\"><span class=\"vcex-heading-inner wpex-inline-block\">Galer\u00eda<\/span><\/h4><div class=\"vcex-image-grid-wrap\"><div class=\"vcex-module vcex-image-grid vcex-justified-gallery wpex-clr wpex-lightbox-group\" data-justified-gallery=\"{&quot;selector&quot;:&quot;vcex-image-grid-entry&quot;,&quot;margins&quot;:8,&quot;rowHeight&quot;:250,&quot;lastRow&quot;:&quot;justify&quot;,&quot;captions&quot;:false}\"><div class=\"id-5544 vcex-image-grid-entry vcex-grid-item wpex-text-center\"><figure class=\"vcex-image-grid-entry-figure wpex-last-mb-0 wpex-clr\"><div class=\"vcex-image-grid-entry-img entry-media wpex-relative wpex-mb-20\"><a href=\"https:\/\/cafeteriasense.com\/wp-content\/uploads\/2026\/03\/esmorzar-cafeteria-sense-badalona.jpg\" class=\"vcex-image-grid-entry-link wpex-lightbox-group-item\" ><img width=\"1000\" height=\"1000\" src=\"https:\/\/cafeteriasense.com\/wp-content\/uploads\/2026\/03\/esmorzar-cafeteria-sense-badalona.jpg\" class=\"wpex-align-middle skip-lazy\" alt=\"\" data-no-lazy=\"1\" srcset=\"https:\/\/cafeteriasense.com\/wp-content\/uploads\/2026\/03\/esmorzar-cafeteria-sense-badalona.jpg 1000w, https:\/\/cafeteriasense.com\/wp-content\/uploads\/2026\/03\/esmorzar-cafeteria-sense-badalona-300x300.jpg 300w, https:\/\/cafeteriasense.com\/wp-content\/uploads\/2026\/03\/esmorzar-cafeteria-sense-badalona-150x150.jpg 150w, https:\/\/cafeteriasense.com\/wp-content\/uploads\/2026\/03\/esmorzar-cafeteria-sense-badalona-768x768.jpg 768w\" sizes=\"(max-width: 1000px) 100vw, 1000px\" \/><\/a><\/div><\/figure><\/div><div class=\"id-5548 vcex-image-grid-entry vcex-grid-item wpex-text-center\"><figure class=\"vcex-image-grid-entry-figure wpex-last-mb-0 wpex-clr\"><div class=\"vcex-image-grid-entry-img entry-media wpex-relative wpex-mb-20\"><a href=\"https:\/\/cafeteriasense.com\/wp-content\/uploads\/2026\/03\/esmorzar-SenSe.jpg\" class=\"vcex-image-grid-entry-link wpex-lightbox-group-item\" ><img width=\"1000\" height=\"1000\" src=\"https:\/\/cafeteriasense.com\/wp-content\/uploads\/2026\/03\/esmorzar-SenSe.jpg\" class=\"wpex-align-middle skip-lazy\" alt=\"\" data-no-lazy=\"1\" srcset=\"https:\/\/cafeteriasense.com\/wp-content\/uploads\/2026\/03\/esmorzar-SenSe.jpg 1000w, https:\/\/cafeteriasense.com\/wp-content\/uploads\/2026\/03\/esmorzar-SenSe-300x300.jpg 300w, https:\/\/cafeteriasense.com\/wp-content\/uploads\/2026\/03\/esmorzar-SenSe-150x150.jpg 150w, https:\/\/cafeteriasense.com\/wp-content\/uploads\/2026\/03\/esmorzar-SenSe-768x768.jpg 768w\" sizes=\"(max-width: 1000px) 100vw, 1000px\" \/><\/a><\/div><\/figure><\/div><div class=\"id-5552 vcex-image-grid-entry vcex-grid-item wpex-text-center\"><figure class=\"vcex-image-grid-entry-figure wpex-last-mb-0 wpex-clr\"><div class=\"vcex-image-grid-entry-img entry-media wpex-relative wpex-mb-20\"><a href=\"https:\/\/cafeteriasense.com\/wp-content\/uploads\/2026\/03\/sense-esmorzar.png\" class=\"vcex-image-grid-entry-link wpex-lightbox-group-item\" ><img width=\"1000\" height=\"1000\" src=\"https:\/\/cafeteriasense.com\/wp-content\/uploads\/2026\/03\/sense-esmorzar.png\" class=\"wpex-align-middle skip-lazy\" alt=\"\" data-no-lazy=\"1\" srcset=\"https:\/\/cafeteriasense.com\/wp-content\/uploads\/2026\/03\/sense-esmorzar.png 1000w, https:\/\/cafeteriasense.com\/wp-content\/uploads\/2026\/03\/sense-esmorzar-300x300.png 300w, https:\/\/cafeteriasense.com\/wp-content\/uploads\/2026\/03\/sense-esmorzar-150x150.png 150w, https:\/\/cafeteriasense.com\/wp-content\/uploads\/2026\/03\/sense-esmorzar-768x768.png 768w\" sizes=\"(max-width: 1000px) 100vw, 1000px\" \/><\/a><\/div><\/figure><\/div><div class=\"id-5542 vcex-image-grid-entry vcex-grid-item wpex-text-center\"><figure class=\"vcex-image-grid-entry-figure wpex-last-mb-0 wpex-clr\"><div class=\"vcex-image-grid-entry-img entry-media wpex-relative wpex-mb-20\"><a href=\"https:\/\/cafeteriasense.com\/wp-content\/uploads\/2026\/03\/cafeteria-sense-esmorzar.png\" class=\"vcex-image-grid-entry-link wpex-lightbox-group-item\" ><img width=\"1000\" height=\"1000\" src=\"https:\/\/cafeteriasense.com\/wp-content\/uploads\/2026\/03\/cafeteria-sense-esmorzar.png\" class=\"wpex-align-middle skip-lazy\" alt=\"\" data-no-lazy=\"1\" srcset=\"https:\/\/cafeteriasense.com\/wp-content\/uploads\/2026\/03\/cafeteria-sense-esmorzar.png 1000w, https:\/\/cafeteriasense.com\/wp-content\/uploads\/2026\/03\/cafeteria-sense-esmorzar-300x300.png 300w, https:\/\/cafeteriasense.com\/wp-content\/uploads\/2026\/03\/cafeteria-sense-esmorzar-150x150.png 150w, https:\/\/cafeteriasense.com\/wp-content\/uploads\/2026\/03\/cafeteria-sense-esmorzar-768x768.png 768w\" sizes=\"(max-width: 1000px) 100vw, 1000px\" \/><\/a><\/div><\/figure><\/div><div class=\"id-5546 vcex-image-grid-entry vcex-grid-item wpex-text-center\"><figure class=\"vcex-image-grid-entry-figure wpex-last-mb-0 wpex-clr\"><div class=\"vcex-image-grid-entry-img entry-media wpex-relative wpex-mb-20\"><a href=\"https:\/\/cafeteriasense.com\/wp-content\/uploads\/2026\/03\/Esmorzar-SenSe-Badalona.png\" class=\"vcex-image-grid-entry-link wpex-lightbox-group-item\" ><img width=\"1000\" height=\"1000\" src=\"https:\/\/cafeteriasense.com\/wp-content\/uploads\/2026\/03\/Esmorzar-SenSe-Badalona.png\" class=\"wpex-align-middle skip-lazy\" alt=\"\" data-no-lazy=\"1\" srcset=\"https:\/\/cafeteriasense.com\/wp-content\/uploads\/2026\/03\/Esmorzar-SenSe-Badalona.png 1000w, https:\/\/cafeteriasense.com\/wp-content\/uploads\/2026\/03\/Esmorzar-SenSe-Badalona-300x300.png 300w, https:\/\/cafeteriasense.com\/wp-content\/uploads\/2026\/03\/Esmorzar-SenSe-Badalona-150x150.png 150w, https:\/\/cafeteriasense.com\/wp-content\/uploads\/2026\/03\/Esmorzar-SenSe-Badalona-768x768.png 768w\" sizes=\"(max-width: 1000px) 100vw, 1000px\" \/><\/a><\/div><\/figure><\/div><div class=\"id-5550 vcex-image-grid-entry vcex-grid-item wpex-text-center\"><figure class=\"vcex-image-grid-entry-figure wpex-last-mb-0 wpex-clr\"><div class=\"vcex-image-grid-entry-img entry-media wpex-relative wpex-mb-20\"><a href=\"https:\/\/cafeteriasense.com\/wp-content\/uploads\/2026\/03\/SenSe-Badalona-Esmorzar.png\" class=\"vcex-image-grid-entry-link wpex-lightbox-group-item\" ><img width=\"1000\" height=\"1000\" src=\"https:\/\/cafeteriasense.com\/wp-content\/uploads\/2026\/03\/SenSe-Badalona-Esmorzar.png\" class=\"wpex-align-middle skip-lazy\" alt=\"\" data-no-lazy=\"1\" srcset=\"https:\/\/cafeteriasense.com\/wp-content\/uploads\/2026\/03\/SenSe-Badalona-Esmorzar.png 1000w, https:\/\/cafeteriasense.com\/wp-content\/uploads\/2026\/03\/SenSe-Badalona-Esmorzar-300x300.png 300w, https:\/\/cafeteriasense.com\/wp-content\/uploads\/2026\/03\/SenSe-Badalona-Esmorzar-150x150.png 150w, https:\/\/cafeteriasense.com\/wp-content\/uploads\/2026\/03\/SenSe-Badalona-Esmorzar-768x768.png 768w\" sizes=\"(max-width: 1000px) 100vw, 1000px\" \/><\/a><\/div><\/figure><\/div><div class=\"id-5556 vcex-image-grid-entry vcex-grid-item wpex-text-center\"><figure class=\"vcex-image-grid-entry-figure wpex-last-mb-0 wpex-clr\"><div class=\"vcex-image-grid-entry-img entry-media wpex-relative wpex-mb-20\"><a href=\"https:\/\/cafeteriasense.com\/wp-content\/uploads\/2026\/03\/Esmorzar-cafeteria-sense-.png\" class=\"vcex-image-grid-entry-link wpex-lightbox-group-item\" ><img width=\"1000\" height=\"1000\" src=\"https:\/\/cafeteriasense.com\/wp-content\/uploads\/2026\/03\/Esmorzar-cafeteria-sense-.png\" class=\"wpex-align-middle skip-lazy\" alt=\"\" data-no-lazy=\"1\" srcset=\"https:\/\/cafeteriasense.com\/wp-content\/uploads\/2026\/03\/Esmorzar-cafeteria-sense-.png 1000w, https:\/\/cafeteriasense.com\/wp-content\/uploads\/2026\/03\/Esmorzar-cafeteria-sense--300x300.png 300w, https:\/\/cafeteriasense.com\/wp-content\/uploads\/2026\/03\/Esmorzar-cafeteria-sense--150x150.png 150w, https:\/\/cafeteriasense.com\/wp-content\/uploads\/2026\/03\/Esmorzar-cafeteria-sense--768x768.png 768w\" sizes=\"(max-width: 1000px) 100vw, 1000px\" \/><\/a><\/div><\/figure><\/div><\/div><\/div>[\/vc_column][\/vc_row][\/vc_section]\n<\/div>","protected":false},"excerpt":{"rendered":"<p>[vc_section full_width=\u00bbstretch_row_content\u00bb css=\u00bb.vc_custom_1762257826445{padding-top: 80px !important;padding-bottom: 80px !important;}\u00bb][vc_row content_placement=\u00bbmiddle\u00bb column_spacing=\u00bb0px\u00bb equal_height=\u00bbyes\u00bb remove_bottom_col_margin=\u00bbtrue\u00bb tablet_fullwidth_cols=\u00bbyes\u00bb max_width_custom=\u00bb1200px\u00bb][vc_column width=\u00bb1\/2&#8243; el_class=\u00bbcaixa-about-text-home\u00bb][vc_column_text css=\u00bb\u00bb el_class=\u00bbjustificar\u00bb]\u00a1Ven a Cafeter\u00eda SenSe y empieza bien el d\u00eda con nuestro desayuno en Badalona! Disponemos de una extensa variedad de bocadillos fr\u00edos elaborados con ingredientes frescos y de calidad, disponibles en diferentes tama\u00f1os y combinaciones para adaptarse a todos&hellip;<\/p>\n","protected":false},"author":1,"featured_media":0,"parent":0,"menu_order":0,"comment_status":"closed","ping_status":"closed","template":"","meta":{"footnotes":""},"class_list":["post-5503","page","type-page","status-publish","hentry","entry","no-media"],"yoast_head":"<!-- This site is optimized with the Yoast SEO plugin v25.8 - https:\/\/yoast.com\/wordpress\/plugins\/seo\/ -->\n<title>Desayunos en Badalona - SenSe Caf\u00e8<\/title>\n<meta name=\"description\" content=\"Disfruta de desayunos en Badalona con bocadillos fr\u00edos y calientes, tostadas, croissants, caf\u00e9 y zumos en SenSe Caf\u00e8.\" \/>\n<meta name=\"robots\" content=\"index, follow, max-snippet:-1, max-image-preview:large, max-video-preview:-1\" \/>\n<link rel=\"canonical\" href=\"https:\/\/cafeteriasense.com\/es\/desayunos-en-badalona\/\" \/>\n<meta property=\"og:locale\" content=\"es_ES\" \/>\n<meta property=\"og:type\" content=\"article\" \/>\n<meta property=\"og:title\" content=\"Desayunos en Badalona - SenSe Caf\u00e8\" \/>\n<meta property=\"og:description\" content=\"Disfruta de desayunos en Badalona con bocadillos fr\u00edos y calientes, tostadas, croissants, caf\u00e9 y zumos en SenSe Caf\u00e8.\" \/>\n<meta property=\"og:url\" content=\"https:\/\/cafeteriasense.com\/es\/desayunos-en-badalona\/\" \/>\n<meta property=\"og:site_name\" content=\"SenSe Caf\u00e8\" \/>\n<meta property=\"article:modified_time\" content=\"2026-03-11T07:36:32+00:00\" \/>\n<meta name=\"twitter:card\" content=\"summary_large_image\" \/>\n<meta name=\"twitter:label1\" content=\"Tiempo de lectura\" \/>\n\t<meta name=\"twitter:data1\" content=\"1 minuto\" \/>\n<script type=\"application\/ld+json\" class=\"yoast-schema-graph\">{\"@context\":\"https:\/\/schema.org\",\"@graph\":[{\"@type\":\"WebPage\",\"@id\":\"https:\/\/cafeteriasense.com\/es\/desayunos-en-badalona\/\",\"url\":\"https:\/\/cafeteriasense.com\/es\/desayunos-en-badalona\/\",\"name\":\"Desayunos en Badalona - SenSe Caf\u00e8\",\"isPartOf\":{\"@id\":\"https:\/\/cafeteriasense.com\/#website\"},\"datePublished\":\"2026-02-02T15:25:35+00:00\",\"dateModified\":\"2026-03-11T07:36:32+00:00\",\"description\":\"Disfruta de desayunos en Badalona con bocadillos fr\u00edos y calientes, tostadas, croissants, caf\u00e9 y zumos en SenSe Caf\u00e8.\",\"breadcrumb\":{\"@id\":\"https:\/\/cafeteriasense.com\/es\/desayunos-en-badalona\/#breadcrumb\"},\"inLanguage\":\"es\",\"potentialAction\":[{\"@type\":\"ReadAction\",\"target\":[\"https:\/\/cafeteriasense.com\/es\/desayunos-en-badalona\/\"]}]},{\"@type\":\"BreadcrumbList\",\"@id\":\"https:\/\/cafeteriasense.com\/es\/desayunos-en-badalona\/#breadcrumb\",\"itemListElement\":[{\"@type\":\"ListItem\",\"position\":1,\"name\":\"Home\",\"item\":\"https:\/\/cafeteriasense.com\/es\/\"},{\"@type\":\"ListItem\",\"position\":2,\"name\":\"Desayunos en Badalona\"}]},{\"@type\":\"WebSite\",\"@id\":\"https:\/\/cafeteriasense.com\/#website\",\"url\":\"https:\/\/cafeteriasense.com\/\",\"name\":\"SenSe Caf\u00e8\",\"description\":\"Cafeteria al cor de Badalona\",\"publisher\":{\"@id\":\"https:\/\/cafeteriasense.com\/#organization\"},\"potentialAction\":[{\"@type\":\"SearchAction\",\"target\":{\"@type\":\"EntryPoint\",\"urlTemplate\":\"https:\/\/cafeteriasense.com\/?s={search_term_string}\"},\"query-input\":{\"@type\":\"PropertyValueSpecification\",\"valueRequired\":true,\"valueName\":\"search_term_string\"}}],\"inLanguage\":\"es\"},{\"@type\":\"Organization\",\"@id\":\"https:\/\/cafeteriasense.com\/#organization\",\"name\":\"SenSe Caf\u00e8\",\"url\":\"https:\/\/cafeteriasense.com\/\",\"logo\":{\"@type\":\"ImageObject\",\"inLanguage\":\"es\",\"@id\":\"https:\/\/cafeteriasense.com\/#\/schema\/logo\/image\/\",\"url\":\"https:\/\/cafeteriasense.com\/wp-content\/uploads\/2025\/08\/logo-blanc.png\",\"contentUrl\":\"https:\/\/cafeteriasense.com\/wp-content\/uploads\/2025\/08\/logo-blanc.png\",\"width\":682,\"height\":319,\"caption\":\"SenSe Caf\u00e8\"},\"image\":{\"@id\":\"https:\/\/cafeteriasense.com\/#\/schema\/logo\/image\/\"}}]}<\/script>\n<!-- \/ Yoast SEO plugin. -->","yoast_head_json":{"title":"Desayunos en Badalona - SenSe Caf\u00e8","description":"Disfruta de desayunos en Badalona con bocadillos fr\u00edos y calientes, tostadas, croissants, caf\u00e9 y zumos en SenSe Caf\u00e8.","robots":{"index":"index","follow":"follow","max-snippet":"max-snippet:-1","max-image-preview":"max-image-preview:large","max-video-preview":"max-video-preview:-1"},"canonical":"https:\/\/cafeteriasense.com\/es\/desayunos-en-badalona\/","og_locale":"es_ES","og_type":"article","og_title":"Desayunos en Badalona - SenSe Caf\u00e8","og_description":"Disfruta de desayunos en Badalona con bocadillos fr\u00edos y calientes, tostadas, croissants, caf\u00e9 y zumos en SenSe Caf\u00e8.","og_url":"https:\/\/cafeteriasense.com\/es\/desayunos-en-badalona\/","og_site_name":"SenSe Caf\u00e8","article_modified_time":"2026-03-11T07:36:32+00:00","twitter_card":"summary_large_image","twitter_misc":{"Tiempo de lectura":"1 minuto"},"schema":{"@context":"https:\/\/schema.org","@graph":[{"@type":"WebPage","@id":"https:\/\/cafeteriasense.com\/es\/desayunos-en-badalona\/","url":"https:\/\/cafeteriasense.com\/es\/desayunos-en-badalona\/","name":"Desayunos en Badalona - SenSe Caf\u00e8","isPartOf":{"@id":"https:\/\/cafeteriasense.com\/#website"},"datePublished":"2026-02-02T15:25:35+00:00","dateModified":"2026-03-11T07:36:32+00:00","description":"Disfruta de desayunos en Badalona con bocadillos fr\u00edos y calientes, tostadas, croissants, caf\u00e9 y zumos en SenSe Caf\u00e8.","breadcrumb":{"@id":"https:\/\/cafeteriasense.com\/es\/desayunos-en-badalona\/#breadcrumb"},"inLanguage":"es","potentialAction":[{"@type":"ReadAction","target":["https:\/\/cafeteriasense.com\/es\/desayunos-en-badalona\/"]}]},{"@type":"BreadcrumbList","@id":"https:\/\/cafeteriasense.com\/es\/desayunos-en-badalona\/#breadcrumb","itemListElement":[{"@type":"ListItem","position":1,"name":"Home","item":"https:\/\/cafeteriasense.com\/es\/"},{"@type":"ListItem","position":2,"name":"Desayunos en Badalona"}]},{"@type":"WebSite","@id":"https:\/\/cafeteriasense.com\/#website","url":"https:\/\/cafeteriasense.com\/","name":"SenSe Caf\u00e8","description":"Cafeteria al cor de Badalona","publisher":{"@id":"https:\/\/cafeteriasense.com\/#organization"},"potentialAction":[{"@type":"SearchAction","target":{"@type":"EntryPoint","urlTemplate":"https:\/\/cafeteriasense.com\/?s={search_term_string}"},"query-input":{"@type":"PropertyValueSpecification","valueRequired":true,"valueName":"search_term_string"}}],"inLanguage":"es"},{"@type":"Organization","@id":"https:\/\/cafeteriasense.com\/#organization","name":"SenSe Caf\u00e8","url":"https:\/\/cafeteriasense.com\/","logo":{"@type":"ImageObject","inLanguage":"es","@id":"https:\/\/cafeteriasense.com\/#\/schema\/logo\/image\/","url":"https:\/\/cafeteriasense.com\/wp-content\/uploads\/2025\/08\/logo-blanc.png","contentUrl":"https:\/\/cafeteriasense.com\/wp-content\/uploads\/2025\/08\/logo-blanc.png","width":682,"height":319,"caption":"SenSe Caf\u00e8"},"image":{"@id":"https:\/\/cafeteriasense.com\/#\/schema\/logo\/image\/"}}]}},"_links":{"self":[{"href":"https:\/\/cafeteriasense.com\/es\/wp-json\/wp\/v2\/pages\/5503","targetHints":{"allow":["GET"]}}],"collection":[{"href":"https:\/\/cafeteriasense.com\/es\/wp-json\/wp\/v2\/pages"}],"about":[{"href":"https:\/\/cafeteriasense.com\/es\/wp-json\/wp\/v2\/types\/page"}],"author":[{"embeddable":true,"href":"https:\/\/cafeteriasense.com\/es\/wp-json\/wp\/v2\/users\/1"}],"replies":[{"embeddable":true,"href":"https:\/\/cafeteriasense.com\/es\/wp-json\/wp\/v2\/comments?post=5503"}],"version-history":[{"count":4,"href":"https:\/\/cafeteriasense.com\/es\/wp-json\/wp\/v2\/pages\/5503\/revisions"}],"predecessor-version":[{"id":5558,"href":"https:\/\/cafeteriasense.com\/es\/wp-json\/wp\/v2\/pages\/5503\/revisions\/5558"}],"wp:attachment":[{"href":"https:\/\/cafeteriasense.com\/es\/wp-json\/wp\/v2\/media?parent=5503"}],"curies":[{"name":"wp","href":"https:\/\/api.w.org\/{rel}","templated":true}]}}