{"id":5107,"date":"2025-11-03T09:41:33","date_gmt":"2025-11-03T09:41:33","guid":{"rendered":"https:\/\/cafeteriasense.com\/?page_id=5107"},"modified":"2026-03-10T12:04:02","modified_gmt":"2026-03-10T12:04:02","slug":"contacto","status":"publish","type":"page","link":"https:\/\/cafeteriasense.com\/es\/contacto\/","title":{"rendered":"Contacto"},"content":{"rendered":"<div class=\"wpb-content-wrapper\">[vc_section full_width=\u00bbstretch_row_content\u00bb css=\u00bb.vc_custom_1752217776402{padding-top: 80px !important;padding-bottom: 80px !important;}\u00bb][vc_row content_placement=\u00bbtop\u00bb column_spacing=\u00bb0px\u00bb equal_height=\u00bbyes\u00bb remove_bottom_col_margin=\u00bbtrue\u00bb tablet_fullwidth_cols=\u00bbyes\u00bb max_width_custom=\u00bb1350px\u00bb][vc_column parallax=\u00bbcontent-moving\u00bb width=\u00bb1\/3&#8243; css=\u00bb.vc_custom_1755503608732{padding-top: 50px !important;padding-right: 40px !important;padding-bottom: 50px !important;padding-left: 40px !important;}\u00bb wpex_bg_overlay=\u00bbcolor\u00bb wpex_bg_overlay_color=\u00bbpalette-4646&#8243; wpex_bg_overlay_opacity=\u00bb1&#8243;]<style>.vcex-heading.vcex_69d05be8ad24b{color:var(--wpex-palette-4645-color);font-size:38px;}<\/style><h2 class=\"vcex-heading vcex-heading-plain vcex-module wpex-heading wpex-text-2xl wpex-mb-20 wpex-text-left vcex_69d05be8ad24b\"><span class=\"vcex-heading-inner wpex-inline-block\">Informaci\u00f3n de contacto<\/span><\/h2><style>.vcex-list_item.vcex_69d05be8aea63{color:var(--wpex-palette-4645-color);font-size:18px;}.vcex-list_item.vcex_69d05be8aea63 .vcex-list-item-icon-inner{color:var(--wpex-palette-4645-color);}<\/style><div class=\"vcex-list_item vcex-module wpex-m-0 wpex-max-w-100 wpex-mb-10 vc_custom_1755158495740 wpex-text-left vcex_69d05be8aea63\"><a href=\"https:\/\/wa.me\/654010321\" class=\"vcex-list-item-link wpex-no-underline wpex-inherit-color\" title=\"Whatsapp\" target=\"_blank\" rel=\"nofollow noopener noreferrer\"><div class=\"vcex-list-item-inner wpex-inline-flex wpex-flex-no-wrap\"><div class=\"vcex-list-item-icon wpex-mr-10\"><div class=\"vcex-list-item-icon-inner vcex-icon-wrap wpex-inline-flex wpex-justify-center wpex-items-center wpex-leading-none wpex-child-inherit-color\"><span class=\"wpex-icon--w wpex-icon\" aria-hidden=\"true\"><svg xmlns=\"http:\/\/www.w3.org\/2000\/svg\" viewBox=\"0 0 448 512\"><path d=\"M380.9 97.1C339 55.1 283.2 32 223.9 32c-122.4 0-222 99.6-222 222 0 39.1 10.2 77.3 29.6 111L0 480l117.7-30.9c32.4 17.7 68.9 27 106.1 27h.1c122.3 0 224.1-99.6 224.1-222 0-59.3-25.2-115-67.1-157zm-157 341.6c-33.2 0-65.7-8.9-94-25.7l-6.7-4-69.8 18.3L72 359.2l-4.4-7c-18.5-29.4-28.2-63.3-28.2-98.2 0-101.7 82.8-184.5 184.6-184.5 49.3 0 95.6 19.2 130.4 54.1 34.8 34.9 56.2 81.2 56.1 130.5 0 101.8-84.9 184.6-186.6 184.6zm101.2-138.2c-5.5-2.8-32.8-16.2-37.9-18-5.1-1.9-8.8-2.8-12.5 2.8-3.7 5.6-14.3 18-17.6 21.8-3.2 3.7-6.5 4.2-12 1.4-32.6-16.3-54-29.1-75.5-66-5.7-9.8 5.7-9.1 16.3-30.3 1.8-3.7 .9-6.9-.5-9.7-1.4-2.8-12.5-30.1-17.1-41.2-4.5-10.8-9.1-9.3-12.5-9.5-3.2-.2-6.9-.2-10.6-.2-3.7 0-9.7 1.4-14.8 6.9-5.1 5.6-19.4 19-19.4 46.3 0 27.3 19.9 53.7 22.6 57.4 2.8 3.7 39.1 59.7 94.8 83.8 35.2 15.2 49 16.5 66.6 13.9 10.7-1.6 32.8-13.4 37.4-26.4 4.6-13 4.6-24.1 3.2-26.4-1.3-2.5-5-3.9-10.5-6.6z\"\/><\/svg><\/span><\/div><\/div><div class=\"vcex-list-item-text vcex-content wpex-flex-grow\">654 010 321<\/div><\/div><\/a><\/div><style>.vcex-list_item.vcex_69d05be8af49e{color:var(--wpex-palette-4645-color);font-size:18px;}.vcex-list_item.vcex_69d05be8af49e .vcex-list-item-icon-inner{color:var(--wpex-palette-4645-color);}<\/style><div class=\"vcex-list_item vcex-module wpex-m-0 wpex-max-w-100 wpex-mb-10 vc_custom_1755158515864 wpex-text-left vcex_69d05be8af49e\"><a href=\"mailto:&#105;&#110;&#102;o&#064;c&#097;feter&#105;&#097;sens&#101;.&#099;&#111;m\" class=\"vcex-list-item-link wpex-no-underline wpex-inherit-color\" title=\"Contacte\" target=\"_blank\" rel=\"nofollow noopener noreferrer\"><div class=\"vcex-list-item-inner wpex-inline-flex wpex-flex-no-wrap\"><div class=\"vcex-list-item-icon wpex-mr-10\"><div class=\"vcex-list-item-icon-inner vcex-icon-wrap wpex-inline-flex wpex-justify-center wpex-items-center wpex-leading-none wpex-child-inherit-color\"><span class=\"wpex-icon--w wpex-icon\" aria-hidden=\"true\"><svg xmlns=\"http:\/\/www.w3.org\/2000\/svg\" viewBox=\"0 0 512 512\"><path d=\"M48 64C21.5 64 0 85.5 0 112c0 15.1 7.1 29.3 19.2 38.4L236.8 313.6c11.4 8.5 27 8.5 38.4 0L492.8 150.4c12.1-9.1 19.2-23.3 19.2-38.4c0-26.5-21.5-48-48-48H48zM0 176V384c0 35.3 28.7 64 64 64H448c35.3 0 64-28.7 64-64V176L294.4 339.2c-22.8 17.1-54 17.1-76.8 0L0 176z\"\/><\/svg><\/span><\/div><\/div><div class=\"vcex-list-item-text vcex-content wpex-flex-grow\">i&#110;&#102;o&#64;&#99;a&#102;&#101;&#116;e&#114;&#105;&#97;s&#101;&#110;se.&#99;om<\/div><\/div><\/a><\/div><style>.vcex-list_item.vcex_69d05be8aff3a{color:var(--wpex-palette-4645-color);font-size:18px;}.vcex-list_item.vcex_69d05be8aff3a .vcex-list-item-icon-inner{color:var(--wpex-palette-4645-color);}<\/style><div class=\"vcex-list_item vcex-module wpex-m-0 wpex-max-w-100 wpex-mb-5 vc_custom_1755158529532 wpex-text-left vcex_69d05be8aff3a\"><a href=\"https:\/\/www.instagram.com\/sensecafebdn\/\" class=\"vcex-list-item-link wpex-no-underline wpex-inherit-color\" title=\"Instagram\" target=\"_blank\" rel=\"nofollow noopener noreferrer\"><div class=\"vcex-list-item-inner wpex-inline-flex wpex-flex-no-wrap\"><div class=\"vcex-list-item-icon wpex-mr-10\"><div class=\"vcex-list-item-icon-inner vcex-icon-wrap wpex-inline-flex wpex-justify-center wpex-items-center wpex-leading-none wpex-child-inherit-color\"><span class=\"wpex-icon--w wpex-icon\" aria-hidden=\"true\"><svg xmlns=\"http:\/\/www.w3.org\/2000\/svg\" viewBox=\"0 0 448 512\"><path d=\"M224.1 141c-63.6 0-114.9 51.3-114.9 114.9s51.3 114.9 114.9 114.9S339 319.5 339 255.9 287.7 141 224.1 141zm0 189.6c-41.1 0-74.7-33.5-74.7-74.7s33.5-74.7 74.7-74.7 74.7 33.5 74.7 74.7-33.6 74.7-74.7 74.7zm146.4-194.3c0 14.9-12 26.8-26.8 26.8-14.9 0-26.8-12-26.8-26.8s12-26.8 26.8-26.8 26.8 12 26.8 26.8zm76.1 27.2c-1.7-35.9-9.9-67.7-36.2-93.9-26.2-26.2-58-34.4-93.9-36.2-37-2.1-147.9-2.1-184.9 0-35.8 1.7-67.6 9.9-93.9 36.1s-34.4 58-36.2 93.9c-2.1 37-2.1 147.9 0 184.9 1.7 35.9 9.9 67.7 36.2 93.9s58 34.4 93.9 36.2c37 2.1 147.9 2.1 184.9 0 35.9-1.7 67.7-9.9 93.9-36.2 26.2-26.2 34.4-58 36.2-93.9 2.1-37 2.1-147.8 0-184.8zM398.8 388c-7.8 19.6-22.9 34.7-42.6 42.6-29.5 11.7-99.5 9-132.1 9s-102.7 2.6-132.1-9c-19.6-7.8-34.7-22.9-42.6-42.6-11.7-29.5-9-99.5-9-132.1s-2.6-102.7 9-132.1c7.8-19.6 22.9-34.7 42.6-42.6 29.5-11.7 99.5-9 132.1-9s102.7-2.6 132.1 9c19.6 7.8 34.7 22.9 42.6 42.6 11.7 29.5 9 99.5 9 132.1s2.7 102.7-9 132.1z\"\/><\/svg><\/span><\/div><\/div><div class=\"vcex-list-item-text vcex-content wpex-flex-grow\">@sensecafebdn<\/div><\/div><\/a><\/div><style>.vcex-list_item.vcex_69d05be8b0925{color:var(--wpex-palette-4645-color);font-size:18px;}.vcex-list_item.vcex_69d05be8b0925 .vcex-list-item-icon-inner{color:var(--wpex-palette-4645-color);}<\/style><div class=\"vcex-list_item vcex-module wpex-m-0 wpex-max-w-100 wpex-mb-5 vc_custom_1762162629202 wpex-text-left vcex_69d05be8b0925\"><a href=\"https:\/\/www.instagram.com\/sensecafebdn\/\" class=\"vcex-list-item-link wpex-no-underline wpex-inherit-color\" title=\"Instagram\" target=\"_blank\" rel=\"nofollow noopener noreferrer\"><div class=\"vcex-list-item-inner wpex-inline-flex wpex-flex-no-wrap\"><div class=\"vcex-list-item-icon wpex-mr-10\"><div class=\"vcex-list-item-icon-inner vcex-icon-wrap wpex-inline-flex wpex-justify-center wpex-items-center wpex-leading-none wpex-child-inherit-color\"><span class=\"wpex-icon--w far fa-clock\" aria-hidden=\"true\"><\/span><\/div><\/div><div class=\"vcex-list-item-text vcex-content wpex-flex-grow\">Lunes a Viernes de 8h a 19h (Cerramos fines de semana y festivos)<\/div><\/div><\/a><\/div><div class=\"vcex-module vcex-divider vcex-divider-solid vcex-divider-left wpex-mr-auto wpex-max-w-100 wpex-block wpex-h-0 wpex-border-b wpex-border-solid wpex-border-main\" style=\"width:200px;margin-block:30px;border-bottom-width:1px;border-color:#ffffff47;\"><\/div><style>.vcex-heading.vcex_69d05be8b1f33{color:var(--wpex-palette-4645-color);font-size:38px;}<\/style><h2 class=\"vcex-heading vcex-heading-plain vcex-module wpex-heading wpex-text-2xl wpex-mb-20 wpex-text-left vcex_69d05be8b1f33\"><span class=\"vcex-heading-inner wpex-inline-block\">Localizaci\u00f3n<\/span><\/h2>[vc_gmaps link=\u00bb#E-8_JTNDaWZyYW1lJTIwc3JjJTNEJTIyaHR0cHMlM0ElMkYlMkZ3d3cuZ29vZ2xlLmNvbSUyRm1hcHMlMkZlbWJlZCUzRnBiJTNEJTIxMW0xOCUyMTFtMTIlMjExbTMlMjExZDIyMS4yNDUwMTM5NDE2MjI1NyUyMTJkMi4yNDY1NzcyNTI0MjkxNjQlMjEzZDQxLjQ0ODkxNjg1NzA5NTM5JTIxMm0zJTIxMWYwJTIxMmYwJTIxM2YwJTIxM20yJTIxMWkxMDI0JTIxMmk3NjglMjE0ZjEzLjElMjEzbTMlMjExbTIlMjExczB4MTJhNGJiNThjZDEzNDE4MSUyNTNBMHhjMDU2NGQxYTQ5YzM0MjgzJTIxMnNTZW5TZSUyNTIwQ2FmJTI1QzMlMjVBOCUyNTIwQmFkYWxvbmElMjE1ZTElMjEzbTIlMjExc2NhJTIxMnNlcyUyMTR2MTc1NTE1NzM3NTk3MSUyMTVtMiUyMTFzY2ElMjEyc2VzJTIyJTIwd2lkdGglM0QlMjI2MDAlMjIlMjBoZWlnaHQlM0QlMjI0NTAlMjIlMjBzdHlsZSUzRCUyMmJvcmRlciUzQTAlM0IlMjIlMjBhbGxvd2Z1bGxzY3JlZW4lM0QlMjIlMjIlMjBsb2FkaW5nJTNEJTIybGF6eSUyMiUyMHJlZmVycmVycG9saWN5JTNEJTIybm8tcmVmZXJyZXItd2hlbi1kb3duZ3JhZGUlMjIlM0UlM0MlMkZpZnJhbWUlM0U=\u00bb size=\u00bb300px\u00bb css=\u00bb\u00bb][\/vc_column][vc_column width=\u00bb2\/3&#8243; css=\u00bb.vc_custom_1752218331453{padding-top: 30px !important;padding-right: 40px !important;padding-left: 40px !important;}\u00bb][vc_column_text css=\u00bb\u00bb text_align=\u00bbleft\u00bb color=\u00bbpalette-4713&#8243; font_size=\u00bb20px\u00bb font_weight=\u00bb400&#8243; line_height=\u00bbsnug\u00bb]Tienes alguna pregunta, \u00bfquieres reservar o hacer un pedido especial? En <strong>SenSe Caf\u00e9<\/strong> estaremos encantados de escucharte. Rellena el formulario y te responderemos lo antes posible.[\/vc_column_text]<style id=\"wpforms-css-vars-4866\">\n\t\t\t\t#wpforms-4866 {\n\t\t\t\t--wpforms-container-padding: 0px;\n--wpforms-container-border-width: 1px;\n--wpforms-container-border-radius: 3px;\n--wpforms-background-color: rgba(0, 0, 0, 0);\n--wpforms-field-size-input-height: 43px;\n--wpforms-field-size-input-spacing: 15px;\n--wpforms-field-size-font-size: 16px;\n--wpforms-field-size-line-height: 19px;\n--wpforms-field-size-padding-h: 14px;\n--wpforms-field-size-checkbox-size: 16px;\n--wpforms-field-size-sublabel-spacing: 5px;\n--wpforms-field-size-icon-size: 1;\n--wpforms-label-size-font-size: 16px;\n--wpforms-label-size-line-height: 19px;\n--wpforms-label-size-sublabel-font-size: 14px;\n--wpforms-label-size-sublabel-line-height: 17px;\n--wpforms-button-size-font-size: 17px;\n--wpforms-button-size-height: 41px;\n--wpforms-button-size-padding-h: 15px;\n--wpforms-button-size-margin-top: 10px;\n--wpforms-container-shadow-size-box-shadow: none;\n\n\t\t\t}\n\t\t\t<\/style><div class=\"wpforms-container wpforms-container-full wpforms-render-modern\" id=\"wpforms-4866\"><form id=\"wpforms-form-4866\" class=\"wpforms-validate wpforms-form wpforms-ajax-form\" data-formid=\"4866\" method=\"post\" enctype=\"multipart\/form-data\" action=\"\/es\/wp-json\/wp\/v2\/pages\/5107\" data-token=\"9d7daeea8b1acb761d4b2e2f0c0e508c\" data-token-time=\"1775262696\"><noscript class=\"wpforms-error-noscript\">Por favor, activa JavaScript en tu navegador para completar este formulario.<\/noscript><div id=\"wpforms-error-noscript\" style=\"display: none;\">Por favor, activa JavaScript en tu navegador para completar este formulario.<\/div><div class=\"wpforms-field-container\"><div id=\"wpforms-4866-field_1-container\" class=\"wpforms-field wpforms-field-name\" data-field-id=\"1\"><fieldset><legend class=\"wpforms-field-label wpforms-label-hide\" aria-hidden=\"false\">Nombre <span class=\"wpforms-required-label\" aria-hidden=\"true\">*<\/span><\/legend><div class=\"wpforms-field-row wpforms-field-large\"><div class=\"wpforms-field-row-block wpforms-first wpforms-one-half\"><input type=\"text\" id=\"wpforms-4866-field_1\" class=\"wpforms-field-name-first wpforms-field-required\" name=\"wpforms[fields][1][first]\" placeholder=\"Nombre *\" aria-errormessage=\"wpforms-4866-field_1-error\" required><label for=\"wpforms-4866-field_1\" class=\"wpforms-field-sublabel after wpforms-sublabel-hide\">Nombre<\/label><\/div><div class=\"wpforms-field-row-block wpforms-one-half\"><input type=\"text\" id=\"wpforms-4866-field_1-last\" class=\"wpforms-field-name-last wpforms-field-required\" name=\"wpforms[fields][1][last]\" placeholder=\"Apellidos *\" aria-errormessage=\"wpforms-4866-field_1-last-error\" required><label for=\"wpforms-4866-field_1-last\" class=\"wpforms-field-sublabel after wpforms-sublabel-hide\">Apellidos<\/label><\/div><\/div><\/fieldset><\/div><div id=\"wpforms-4866-field_2-container\" class=\"wpforms-field wpforms-field-email\" data-field-id=\"2\"><label class=\"wpforms-field-label wpforms-label-hide\" for=\"wpforms-4866-field_2\" aria-hidden=\"false\">Correo electr\u00f3nico <span class=\"wpforms-required-label\" aria-hidden=\"true\">*<\/span><\/label><input type=\"email\" id=\"wpforms-4866-field_2\" class=\"wpforms-field-large wpforms-field-required\" name=\"wpforms[fields][2]\" placeholder=\"Email *\" spellcheck=\"false\" aria-errormessage=\"wpforms-4866-field_2-error\" required><\/div><div id=\"wpforms-4866-field_4-container\" class=\"wpforms-field wpforms-field-text\" data-field-id=\"4\"><label class=\"wpforms-field-label wpforms-label-hide\" for=\"wpforms-4866-field_4\" aria-hidden=\"false\">Tel\u00e8fon <span class=\"wpforms-required-label\" aria-hidden=\"true\">*<\/span><\/label><input type=\"text\" id=\"wpforms-4866-field_4\" class=\"wpforms-field-large wpforms-field-required\" name=\"wpforms[fields][4]\" placeholder=\"Tel\u00e9fono *\" aria-errormessage=\"wpforms-4866-field_4-error\" required><\/div>\t\t<div id=\"wpforms-4866-field_6-container\"\n\t\t\tclass=\"wpforms-field wpforms-field-text\"\n\t\t\tdata-field-type=\"text\"\n\t\t\tdata-field-id=\"6\"\n\t\t\t>\n\t\t\t<label class=\"wpforms-field-label\" for=\"wpforms-4866-field_6\" >mensaje Comentario Tel\u00e8fon<\/label>\n\t\t\t<input type=\"text\" id=\"wpforms-4866-field_6\" class=\"wpforms-field-medium\" name=\"wpforms[fields][6]\" >\n\t\t<\/div>\n\t\t<div id=\"wpforms-4866-field_3-container\" class=\"wpforms-field wpforms-field-textarea\" data-field-id=\"3\"><label class=\"wpforms-field-label wpforms-label-hide\" for=\"wpforms-4866-field_3\" aria-hidden=\"false\">Comentario o mensaje<\/label><textarea id=\"wpforms-4866-field_3\" class=\"wpforms-field-medium\" name=\"wpforms[fields][3]\" placeholder=\"Deja un comentario\" aria-errormessage=\"wpforms-4866-field_3-error\" ><\/textarea><\/div><div id=\"wpforms-4866-field_5-container\" class=\"wpforms-field wpforms-field-checkbox\" data-field-id=\"5\"><fieldset><legend class=\"wpforms-field-label wpforms-label-hide\" aria-hidden=\"false\">Casillas de verificaci\u00f3n <span class=\"wpforms-required-label\" aria-hidden=\"true\">*<\/span><\/legend><ul id=\"wpforms-4866-field_5\" class=\"wpforms-field-required\"><li class=\"choice-1 depth-1\"><input type=\"checkbox\" id=\"wpforms-4866-field_5_1\" name=\"wpforms[fields][5][]\" value=\"He le\u00eddo y acepto el &lt;a href=&quot;https:\/\/cafeteriasense.com\/es\/aviso-legal\/&quot; rel=&quot;nofollow noopener noreferrer&quot; target=&quot;_blank&quot;&gt;Aviso Legal&lt;\/a&gt; y la &lt;a target=&quot;_blank&quot; rel=&quot;nofollow noopener noreferrer&quot; href=&quot;https:\/\/cafeteriasense.com\/es\/politica-de-privacidad\/&quot;&gt;Pol\u00edtica de privacidad&lt;\/a&gt; de este sitio web.\" aria-errormessage=\"wpforms-4866-field_5_1-error\" required ><label class=\"wpforms-field-label-inline\" for=\"wpforms-4866-field_5_1\">He le\u00eddo y acepto el <a href=\"https:\/\/cafeteriasense.com\/es\/aviso-legal\/\" rel=\"nofollow noopener noreferrer\" target=\"_blank\">Aviso Legal<\/a> y la <a target=\"_blank\" rel=\"nofollow noopener noreferrer\" href=\"https:\/\/cafeteriasense.com\/es\/politica-de-privacidad\/\">Pol\u00edtica de privacidad<\/a> de este sitio web.<\/label><\/li><\/ul><\/fieldset><\/div><script>\n\t\t\t\t( function() {\n\t\t\t\t\tconst style = document.createElement( 'style' );\n\t\t\t\t\tstyle.appendChild( document.createTextNode( '#wpforms-4866-field_6-container { position: absolute !important; overflow: hidden !important; display: inline !important; height: 1px !important; width: 1px !important; z-index: -1000 !important; padding: 0 !important; } #wpforms-4866-field_6-container input { visibility: hidden; } #wpforms-conversational-form-page #wpforms-4866-field_6-container label { counter-increment: none; }' ) );\n\t\t\t\t\tdocument.head.appendChild( style );\n\t\t\t\t\tdocument.currentScript?.remove();\n\t\t\t\t} )();\n\t\t\t<\/script><\/div><!-- .wpforms-field-container --><div class=\"wpforms-recaptcha-container wpforms-is-recaptcha wpforms-is-recaptcha-type-v3\" ><input type=\"hidden\" name=\"wpforms[recaptcha]\" value=\"\"><\/div><div class=\"wpforms-submit-container\" ><input type=\"hidden\" name=\"wpforms[id]\" value=\"4866\"><input type=\"hidden\" name=\"page_title\" value=\"\"><input type=\"hidden\" name=\"page_url\" value=\"https:\/\/cafeteriasense.com\/es\/wp-json\/wp\/v2\/pages\/5107\"><input type=\"hidden\" name=\"url_referer\" value=\"\"><button type=\"submit\" name=\"wpforms[submit]\" id=\"wpforms-submit-4866\" class=\"wpforms-submit\" data-alt-text=\"Enviando...\" data-submit-text=\"Enviar\" aria-live=\"assertive\" value=\"wpforms-submit\">Enviar<\/button><img src=\"https:\/\/cafeteriasense.com\/wp-content\/plugins\/wpforms-lite\/assets\/images\/submit-spin.svg\" class=\"wpforms-submit-spinner\" style=\"display: none;\" width=\"26\" height=\"26\" alt=\"Cargando\"><\/div><\/form><\/div>  <!-- .wpforms-container -->[\/vc_column][\/vc_row][\/vc_section]\n<\/div>","protected":false},"excerpt":{"rendered":"<p>[vc_section full_width=\u00bbstretch_row_content\u00bb css=\u00bb.vc_custom_1752217776402{padding-top: 80px !important;padding-bottom: 80px !important;}\u00bb][vc_row content_placement=\u00bbtop\u00bb column_spacing=\u00bb0px\u00bb equal_height=\u00bbyes\u00bb remove_bottom_col_margin=\u00bbtrue\u00bb tablet_fullwidth_cols=\u00bbyes\u00bb max_width_custom=\u00bb1350px\u00bb][vc_column parallax=\u00bbcontent-moving\u00bb width=\u00bb1\/3&#8243; css=\u00bb.vc_custom_1755503608732{padding-top: 50px !important;padding-right: 40px !important;padding-bottom: 50px !important;padding-left: 40px !important;}\u00bb wpex_bg_overlay=\u00bbcolor\u00bb wpex_bg_overlay_color=\u00bbpalette-4646&#8243; wpex_bg_overlay_opacity=\u00bb1&#8243;][vc_gmaps link=\u00bb#E-8_JTNDaWZyYW1lJTIwc3JjJTNEJTIyaHR0cHMlM0ElMkYlMkZ3d3cuZ29vZ2xlLmNvbSUyRm1hcHMlMkZlbWJlZCUzRnBiJTNEJTIxMW0xOCUyMTFtMTIlMjExbTMlMjExZDIyMS4yNDUwMTM5NDE2MjI1NyUyMTJkMi4yNDY1NzcyNTI0MjkxNjQlMjEzZDQxLjQ0ODkxNjg1NzA5NTM5JTIxMm0zJTIxMWYwJTIxMmYwJTIxM2YwJTIxM20yJTIxMWkxMDI0JTIxMmk3NjglMjE0ZjEzLjElMjEzbTMlMjExbTIlMjExczB4MTJhNGJiNThjZDEzNDE4MSUyNTNBMHhjMDU2NGQxYTQ5YzM0MjgzJTIxMnNTZW5TZSUyNTIwQ2FmJTI1QzMlMjVBOCUyNTIwQmFkYWxvbmElMjE1ZTElMjEzbTIlMjExc2NhJTIxMnNlcyUyMTR2MTc1NTE1NzM3NTk3MSUyMTVtMiUyMTFzY2ElMjEyc2VzJTIyJTIwd2lkdGglM0QlMjI2MDAlMjIlMjBoZWlnaHQlM0QlMjI0NTAlMjIlMjBzdHlsZSUzRCUyMmJvcmRlciUzQTAlM0IlMjIlMjBhbGxvd2Z1bGxzY3JlZW4lM0QlMjIlMjIlMjBsb2FkaW5nJTNEJTIybGF6eSUyMiUyMHJlZmVycmVycG9saWN5JTNEJTIybm8tcmVmZXJyZXItd2hlbi1kb3duZ3JhZGUlMjIlM0UlM0MlMkZpZnJhbWUlM0U=\u00bb size=\u00bb300px\u00bb css=\u00bb\u00bb][\/vc_column][vc_column width=\u00bb2\/3&#8243; css=\u00bb.vc_custom_1752218331453{padding-top: 30px !important;padding-right: 40px !important;padding-left: 40px !important;}\u00bb][vc_column_text css=\u00bb\u00bb text_align=\u00bbleft\u00bb color=\u00bbpalette-4713&#8243; font_size=\u00bb20px\u00bb font_weight=\u00bb400&#8243; line_height=\u00bbsnug\u00bb]Tienes alguna pregunta, \u00bfquieres reservar o hacer un pedido especial? En SenSe&hellip;<\/p>\n","protected":false},"author":1,"featured_media":0,"parent":0,"menu_order":0,"comment_status":"closed","ping_status":"closed","template":"","meta":{"footnotes":""},"class_list":["post-5107","page","type-page","status-publish","hentry","entry","no-media"],"yoast_head":"<!-- This site is optimized with the Yoast SEO plugin v25.8 - https:\/\/yoast.com\/wordpress\/plugins\/seo\/ -->\n<title>Contacto - SenSe Caf\u00e8<\/title>\n<meta name=\"description\" content=\"P\u00e1gina de contacto de SenSe Caf\u00e8 en Badalona. Haz tu reserva, consulta el men\u00fa del d\u00eda o pide informaci\u00f3n sobre encargos especiales.\" \/>\n<meta name=\"robots\" content=\"index, follow, max-snippet:-1, max-image-preview:large, max-video-preview:-1\" \/>\n<link rel=\"canonical\" href=\"https:\/\/cafeteriasense.com\/es\/contacto\/\" \/>\n<meta property=\"og:locale\" content=\"es_ES\" \/>\n<meta property=\"og:type\" content=\"article\" \/>\n<meta property=\"og:title\" content=\"Contacto - SenSe Caf\u00e8\" \/>\n<meta property=\"og:description\" content=\"P\u00e1gina de contacto de SenSe Caf\u00e8 en Badalona. Haz tu reserva, consulta el men\u00fa del d\u00eda o pide informaci\u00f3n sobre encargos especiales.\" \/>\n<meta property=\"og:url\" content=\"https:\/\/cafeteriasense.com\/es\/contacto\/\" \/>\n<meta property=\"og:site_name\" content=\"SenSe Caf\u00e8\" \/>\n<meta property=\"article:modified_time\" content=\"2026-03-10T12:04:02+00:00\" \/>\n<meta name=\"twitter:card\" content=\"summary_large_image\" \/>\n<meta name=\"twitter:label1\" content=\"Tiempo de lectura\" \/>\n\t<meta name=\"twitter:data1\" content=\"1 minuto\" \/>\n<script type=\"application\/ld+json\" class=\"yoast-schema-graph\">{\"@context\":\"https:\/\/schema.org\",\"@graph\":[{\"@type\":\"WebPage\",\"@id\":\"https:\/\/cafeteriasense.com\/es\/contacto\/\",\"url\":\"https:\/\/cafeteriasense.com\/es\/contacto\/\",\"name\":\"Contacto - SenSe Caf\u00e8\",\"isPartOf\":{\"@id\":\"https:\/\/cafeteriasense.com\/#website\"},\"datePublished\":\"2025-11-03T09:41:33+00:00\",\"dateModified\":\"2026-03-10T12:04:02+00:00\",\"description\":\"P\u00e1gina de contacto de SenSe Caf\u00e8 en Badalona. Haz tu reserva, consulta el men\u00fa del d\u00eda o pide informaci\u00f3n sobre encargos especiales.\",\"breadcrumb\":{\"@id\":\"https:\/\/cafeteriasense.com\/es\/contacto\/#breadcrumb\"},\"inLanguage\":\"es\",\"potentialAction\":[{\"@type\":\"ReadAction\",\"target\":[\"https:\/\/cafeteriasense.com\/es\/contacto\/\"]}]},{\"@type\":\"BreadcrumbList\",\"@id\":\"https:\/\/cafeteriasense.com\/es\/contacto\/#breadcrumb\",\"itemListElement\":[{\"@type\":\"ListItem\",\"position\":1,\"name\":\"Home\",\"item\":\"https:\/\/cafeteriasense.com\/es\/\"},{\"@type\":\"ListItem\",\"position\":2,\"name\":\"Contacto\"}]},{\"@type\":\"WebSite\",\"@id\":\"https:\/\/cafeteriasense.com\/#website\",\"url\":\"https:\/\/cafeteriasense.com\/\",\"name\":\"SenSe Caf\u00e8\",\"description\":\"Cafeteria al cor de Badalona\",\"publisher\":{\"@id\":\"https:\/\/cafeteriasense.com\/#organization\"},\"potentialAction\":[{\"@type\":\"SearchAction\",\"target\":{\"@type\":\"EntryPoint\",\"urlTemplate\":\"https:\/\/cafeteriasense.com\/?s={search_term_string}\"},\"query-input\":{\"@type\":\"PropertyValueSpecification\",\"valueRequired\":true,\"valueName\":\"search_term_string\"}}],\"inLanguage\":\"es\"},{\"@type\":\"Organization\",\"@id\":\"https:\/\/cafeteriasense.com\/#organization\",\"name\":\"SenSe Caf\u00e8\",\"url\":\"https:\/\/cafeteriasense.com\/\",\"logo\":{\"@type\":\"ImageObject\",\"inLanguage\":\"es\",\"@id\":\"https:\/\/cafeteriasense.com\/#\/schema\/logo\/image\/\",\"url\":\"https:\/\/cafeteriasense.com\/wp-content\/uploads\/2025\/08\/logo-blanc.png\",\"contentUrl\":\"https:\/\/cafeteriasense.com\/wp-content\/uploads\/2025\/08\/logo-blanc.png\",\"width\":682,\"height\":319,\"caption\":\"SenSe Caf\u00e8\"},\"image\":{\"@id\":\"https:\/\/cafeteriasense.com\/#\/schema\/logo\/image\/\"}}]}<\/script>\n<!-- \/ Yoast SEO plugin. -->","yoast_head_json":{"title":"Contacto - SenSe Caf\u00e8","description":"P\u00e1gina de contacto de SenSe Caf\u00e8 en Badalona. Haz tu reserva, consulta el men\u00fa del d\u00eda o pide informaci\u00f3n sobre encargos especiales.","robots":{"index":"index","follow":"follow","max-snippet":"max-snippet:-1","max-image-preview":"max-image-preview:large","max-video-preview":"max-video-preview:-1"},"canonical":"https:\/\/cafeteriasense.com\/es\/contacto\/","og_locale":"es_ES","og_type":"article","og_title":"Contacto - SenSe Caf\u00e8","og_description":"P\u00e1gina de contacto de SenSe Caf\u00e8 en Badalona. Haz tu reserva, consulta el men\u00fa del d\u00eda o pide informaci\u00f3n sobre encargos especiales.","og_url":"https:\/\/cafeteriasense.com\/es\/contacto\/","og_site_name":"SenSe Caf\u00e8","article_modified_time":"2026-03-10T12:04:02+00:00","twitter_card":"summary_large_image","twitter_misc":{"Tiempo de lectura":"1 minuto"},"schema":{"@context":"https:\/\/schema.org","@graph":[{"@type":"WebPage","@id":"https:\/\/cafeteriasense.com\/es\/contacto\/","url":"https:\/\/cafeteriasense.com\/es\/contacto\/","name":"Contacto - SenSe Caf\u00e8","isPartOf":{"@id":"https:\/\/cafeteriasense.com\/#website"},"datePublished":"2025-11-03T09:41:33+00:00","dateModified":"2026-03-10T12:04:02+00:00","description":"P\u00e1gina de contacto de SenSe Caf\u00e8 en Badalona. Haz tu reserva, consulta el men\u00fa del d\u00eda o pide informaci\u00f3n sobre encargos especiales.","breadcrumb":{"@id":"https:\/\/cafeteriasense.com\/es\/contacto\/#breadcrumb"},"inLanguage":"es","potentialAction":[{"@type":"ReadAction","target":["https:\/\/cafeteriasense.com\/es\/contacto\/"]}]},{"@type":"BreadcrumbList","@id":"https:\/\/cafeteriasense.com\/es\/contacto\/#breadcrumb","itemListElement":[{"@type":"ListItem","position":1,"name":"Home","item":"https:\/\/cafeteriasense.com\/es\/"},{"@type":"ListItem","position":2,"name":"Contacto"}]},{"@type":"WebSite","@id":"https:\/\/cafeteriasense.com\/#website","url":"https:\/\/cafeteriasense.com\/","name":"SenSe Caf\u00e8","description":"Cafeteria al cor de Badalona","publisher":{"@id":"https:\/\/cafeteriasense.com\/#organization"},"potentialAction":[{"@type":"SearchAction","target":{"@type":"EntryPoint","urlTemplate":"https:\/\/cafeteriasense.com\/?s={search_term_string}"},"query-input":{"@type":"PropertyValueSpecification","valueRequired":true,"valueName":"search_term_string"}}],"inLanguage":"es"},{"@type":"Organization","@id":"https:\/\/cafeteriasense.com\/#organization","name":"SenSe Caf\u00e8","url":"https:\/\/cafeteriasense.com\/","logo":{"@type":"ImageObject","inLanguage":"es","@id":"https:\/\/cafeteriasense.com\/#\/schema\/logo\/image\/","url":"https:\/\/cafeteriasense.com\/wp-content\/uploads\/2025\/08\/logo-blanc.png","contentUrl":"https:\/\/cafeteriasense.com\/wp-content\/uploads\/2025\/08\/logo-blanc.png","width":682,"height":319,"caption":"SenSe Caf\u00e8"},"image":{"@id":"https:\/\/cafeteriasense.com\/#\/schema\/logo\/image\/"}}]}},"_links":{"self":[{"href":"https:\/\/cafeteriasense.com\/es\/wp-json\/wp\/v2\/pages\/5107","targetHints":{"allow":["GET"]}}],"collection":[{"href":"https:\/\/cafeteriasense.com\/es\/wp-json\/wp\/v2\/pages"}],"about":[{"href":"https:\/\/cafeteriasense.com\/es\/wp-json\/wp\/v2\/types\/page"}],"author":[{"embeddable":true,"href":"https:\/\/cafeteriasense.com\/es\/wp-json\/wp\/v2\/users\/1"}],"replies":[{"embeddable":true,"href":"https:\/\/cafeteriasense.com\/es\/wp-json\/wp\/v2\/comments?post=5107"}],"version-history":[{"count":3,"href":"https:\/\/cafeteriasense.com\/es\/wp-json\/wp\/v2\/pages\/5107\/revisions"}],"predecessor-version":[{"id":5110,"href":"https:\/\/cafeteriasense.com\/es\/wp-json\/wp\/v2\/pages\/5107\/revisions\/5110"}],"wp:attachment":[{"href":"https:\/\/cafeteriasense.com\/es\/wp-json\/wp\/v2\/media?parent=5107"}],"curies":[{"name":"wp","href":"https:\/\/api.w.org\/{rel}","templated":true}]}}