{"id":5089,"date":"2025-08-14T08:15:57","date_gmt":"2025-08-14T08:15:57","guid":{"rendered":"https:\/\/cafeteriasense.com\/oferta-gastronomica\/"},"modified":"2026-03-10T14:56:38","modified_gmt":"2026-03-10T14:56:38","slug":"oferta-gastronomica","status":"publish","type":"page","link":"https:\/\/cafeteriasense.com\/es\/oferta-gastronomica\/","title":{"rendered":"Oferta gastron\u00f3mica"},"content":{"rendered":"<div class=\"wpb-content-wrapper\">[vc_section full_width=\u00bbstretch_row_content\u00bb css=\u00bb.vc_custom_1752217776402{padding-top: 80px !important;padding-bottom: 80px !important;}\u00bb][vc_row remove_bottom_col_margin=\u00bbtrue\u00bb][vc_column width=\u00bb1\/3&#8243;][vc_single_image image=\u00bb5134&#8243; css=\u00bb\u00bb][vc_row_inner][vc_column_inner]<style>.vcex-heading.vcex_69d05be8c748d{font-size:40px;font-weight:600;}<\/style><h2 class=\"vcex-heading vcex-heading-plain vcex-module wpex-heading wpex-text-2xl wpex-mt-10 wpex-mb-15 wpex-text-center vcex_69d05be8c748d\"><span class=\"vcex-heading-inner wpex-inline-block\">Desayunos en Badalona<\/span><\/h2>[\/vc_column_inner][\/vc_row_inner][vc_column_text css=\u00bb\u00bb text_align=\u00bbcenter\u00bb color=\u00bb#50535d\u00bb font_size=\u00bb16px\u00bb]Disponemos de una amplia selecci\u00f3n de bocadillos fr\u00edos en diferentes formatos, as\u00ed como bocadillos calientes a la plancha, tostadas, croissants, caf\u00e9 y zumos naturales.[\/vc_column_text][vc_empty_space height=\u00bb25px\u00bb]<style>.vcex-button.vcex_69d05be8c8f5c{border-radius:var(--wpex-rounded-full);color:#50535d!important;border:1px solid #50535D;font-size:13px;font-family:Montserrat, sans-serif;font-weight:400;text-transform:uppercase;}.vcex-button.vcex_69d05be8c8f5c:hover{background:#50535d!important;color:#fff8f1!important;}<\/style><div class=\"theme-button-wrap textcenter wpex-clr\"><a href=\"https:\/\/cafeteriasense.com\/es\/desayunos-en-badalona\/\" class=\"vcex-button theme-button minimal-border align-center inline vcex_69d05be8c8f5c\" title=\"M\u00e9s informaci\u00f3\"><span class=\"vcex-button-inner theme-button-inner wpex-flex wpex-flex-wrap wpex-items-center wpex-justify-center\">M\u00e1s informaci\u00f3n<span class=\"vcex-button-icon vcex-icon-wrap theme-button-icon-right\"><span class=\"wpex-icon wpex-icon--bidi\" aria-hidden=\"true\"><svg xmlns=\"http:\/\/www.w3.org\/2000\/svg\" viewBox=\"0 0 320 512\"><path d=\"M278.6 233.4c12.5 12.5 12.5 32.8 0 45.3l-160 160c-12.5 12.5-32.8 12.5-45.3 0s-12.5-32.8 0-45.3L210.7 256 73.4 118.6c-12.5-12.5-12.5-32.8 0-45.3s32.8-12.5 45.3 0l160 160z\"\/><\/svg><\/span><\/span><\/span><\/a><\/div> [vc_empty_space height=\u00bb15px\u00bb][\/vc_column][vc_column width=\u00bb1\/3&#8243;][vc_single_image image=\u00bb5217&#8243; css=\u00bb\u00bb][vc_row_inner][vc_column_inner]<style>.vcex-heading.vcex_69d05be8ca32a{font-size:40px;font-weight:600;}<\/style><h2 class=\"vcex-heading vcex-heading-plain vcex-module wpex-heading wpex-text-2xl wpex-mt-10 wpex-mb-15 wpex-text-center vcex_69d05be8ca32a\"><span class=\"vcex-heading-inner wpex-inline-block\">F\u00f3rmula SenSe<\/span><\/h2>[vc_column_text css=\u00bb\u00bb text_align=\u00bbcenter\u00bb color=\u00bb#50535d\u00bb font_size=\u00bb16px\u00bb]Cada semana proponemos un men\u00fa de mediod\u00eda con cinco platos elaborados con cuidado, tiempo y pasi\u00f3n por la cocina.[\/vc_column_text][vc_empty_space height=\u00bb25px\u00bb]<style>.vcex-button.vcex_69d05be8caef7{border-radius:var(--wpex-rounded-full);color:#50535d!important;border:1px solid #50535D;font-size:13px;font-family:Montserrat, sans-serif;font-weight:400;text-transform:uppercase;}.vcex-button.vcex_69d05be8caef7:hover{background:#50535d!important;color:#fff8f1!important;}<\/style><div class=\"theme-button-wrap textcenter wpex-clr\"><a href=\"https:\/\/cafeteriasense.com\/es\/formula-sense\/\" class=\"vcex-button theme-button minimal-border align-center inline vcex_69d05be8caef7\" title=\"M\u00e9s informaci\u00f3\"><span class=\"vcex-button-inner theme-button-inner wpex-flex wpex-flex-wrap wpex-items-center wpex-justify-center\">M\u00e1s informaci\u00f3n<span class=\"vcex-button-icon vcex-icon-wrap theme-button-icon-right\"><span class=\"wpex-icon wpex-icon--bidi\" aria-hidden=\"true\"><svg xmlns=\"http:\/\/www.w3.org\/2000\/svg\" viewBox=\"0 0 320 512\"><path d=\"M278.6 233.4c12.5 12.5 12.5 32.8 0 45.3l-160 160c-12.5 12.5-32.8 12.5-45.3 0s-12.5-32.8 0-45.3L210.7 256 73.4 118.6c-12.5-12.5-12.5-32.8 0-45.3s32.8-12.5 45.3 0l160 160z\"\/><\/svg><\/span><\/span><\/span><\/a><\/div> [vc_empty_space height=\u00bb15px\u00bb][\/vc_column_inner][\/vc_row_inner][\/vc_column][vc_column width=\u00bb1\/3&#8243;][vc_single_image image=\u00bb5136&#8243; css=\u00bb\u00bb][vc_row_inner][vc_column_inner]<style>.vcex-heading.vcex_69d05be8cb93c{font-size:40px;font-weight:600;}<\/style><h2 class=\"vcex-heading vcex-heading-plain vcex-module wpex-heading wpex-text-2xl wpex-mt-10 wpex-mb-15 wpex-text-center vcex_69d05be8cb93c\"><span class=\"vcex-heading-inner wpex-inline-block\">Meriendas en Badalona<\/span><\/h2>[vc_column_text css=\u00bb\u00bb text_align=\u00bbcenter\u00bb color=\u00bb#50535d\u00bb font_size=\u00bb16px\u00bb]Podr\u00e1s saborear nuestros pasteles artesanos, cookies tipo americanas, crepes, gofres, croissants, zumos naturales y batidos.[\/vc_column_text][vc_empty_space height=\u00bb25px\u00bb]<style>.vcex-button.vcex_69d05be8cc651{border-radius:var(--wpex-rounded-full);color:#50535d!important;border:1px solid #50535D;font-size:13px;font-family:Montserrat, sans-serif;font-weight:400;text-transform:uppercase;}.vcex-button.vcex_69d05be8cc651:hover{background:#50535d!important;color:#fff8f1!important;}<\/style><div class=\"theme-button-wrap textcenter wpex-clr\"><a href=\"https:\/\/cafeteriasense.com\/es\/berenars-a-badalona\/\" class=\"vcex-button theme-button minimal-border align-center inline vcex_69d05be8cc651\" title=\"M\u00e9s informaci\u00f3\"><span class=\"vcex-button-inner theme-button-inner wpex-flex wpex-flex-wrap wpex-items-center wpex-justify-center\">M\u00e1s informaci\u00f3n<span class=\"vcex-button-icon vcex-icon-wrap theme-button-icon-right\"><span class=\"wpex-icon wpex-icon--bidi\" aria-hidden=\"true\"><svg xmlns=\"http:\/\/www.w3.org\/2000\/svg\" viewBox=\"0 0 320 512\"><path d=\"M278.6 233.4c12.5 12.5 12.5 32.8 0 45.3l-160 160c-12.5 12.5-32.8 12.5-45.3 0s-12.5-32.8 0-45.3L210.7 256 73.4 118.6c-12.5-12.5-12.5-32.8 0-45.3s32.8-12.5 45.3 0l160 160z\"\/><\/svg><\/span><\/span><\/span><\/a><\/div> [vc_empty_space height=\u00bb15px\u00bb][\/vc_column_inner][\/vc_row_inner][\/vc_column][\/vc_row][vc_row remove_bottom_col_margin=\u00bbtrue\u00bb][vc_column width=\u00bb1\/2&#8243;][vc_single_image image=\u00bb5137&#8243; css=\u00bb\u00bb][vc_row_inner][vc_column_inner]<style>.vcex-heading.vcex_69d05be8cd293{font-size:40px;font-weight:600;}<\/style><h2 class=\"vcex-heading vcex-heading-plain vcex-module wpex-heading wpex-text-2xl wpex-mt-10 wpex-mb-15 wpex-text-center vcex_69d05be8cd293\"><span class=\"vcex-heading-inner wpex-inline-block\">Caterings<\/span><\/h2>[\/vc_column_inner][\/vc_row_inner][vc_column_text css=\u00bb\u00bb text_align=\u00bbcenter\u00bb color=\u00bb#50535d\u00bb font_size=\u00bb16px\u00bb]Hacemos llegar la esencia de SenSe donde t\u00fa quieras, con servicios de catering a medida que incluyen bocadillos, dulces, pasteles y bebidas para reuniones, eventos y ocasiones especiales.[\/vc_column_text][vc_empty_space height=\u00bb25px\u00bb]<style>.vcex-button.vcex_69d05be8cde9d{border-radius:var(--wpex-rounded-full);color:#50535d!important;border:1px solid #50535D;font-size:13px;font-family:Montserrat, sans-serif;font-weight:400;text-transform:uppercase;}.vcex-button.vcex_69d05be8cde9d:hover{background:#50535d!important;color:#fff8f1!important;}<\/style><div class=\"theme-button-wrap textcenter wpex-clr\"><a href=\"https:\/\/cafeteriasense.com\/es\/caterings-badalona\/\" class=\"vcex-button theme-button minimal-border align-center inline vcex_69d05be8cde9d\" title=\"M\u00e9s informaci\u00f3\"><span class=\"vcex-button-inner theme-button-inner wpex-flex wpex-flex-wrap wpex-items-center wpex-justify-center\">M\u00e1s informaci\u00f3n<span class=\"vcex-button-icon vcex-icon-wrap theme-button-icon-right\"><span class=\"wpex-icon wpex-icon--bidi\" aria-hidden=\"true\"><svg xmlns=\"http:\/\/www.w3.org\/2000\/svg\" viewBox=\"0 0 320 512\"><path d=\"M278.6 233.4c12.5 12.5 12.5 32.8 0 45.3l-160 160c-12.5 12.5-32.8 12.5-45.3 0s-12.5-32.8 0-45.3L210.7 256 73.4 118.6c-12.5-12.5-12.5-32.8 0-45.3s32.8-12.5 45.3 0l160 160z\"\/><\/svg><\/span><\/span><\/span><\/a><\/div> [vc_empty_space height=\u00bb15px\u00bb][\/vc_column][vc_column width=\u00bb1\/2&#8243;][vc_single_image image=\u00bb5138&#8243; css=\u00bb\u00bb][vc_row_inner][vc_column_inner]<style>.vcex-heading.vcex_69d05be8ce901{font-size:40px;font-weight:600;}<\/style><h2 class=\"vcex-heading vcex-heading-plain vcex-module wpex-heading wpex-text-2xl wpex-mt-10 wpex-mb-15 wpex-text-center vcex_69d05be8ce901\"><span class=\"vcex-heading-inner wpex-inline-block\">Fiestas Privadas<\/span><\/h2>[vc_column_text css=\u00bb\u00bb text_align=\u00bbcenter\u00bb color=\u00bb#50535d\u00bb font_size=\u00bb16px\u00bb]Reserva el espacio de SenSe Caf\u00e8 s\u00f3lo para ti y para tus invitados, y disfruta de un entorno c\u00e1lido con propuestas gastron\u00f3micas personalizadas para que tu celebraci\u00f3n sea \u00fanica.[\/vc_column_text][vc_empty_space height=\u00bb25px\u00bb]<style>.vcex-button.vcex_69d05be8cf408{border-radius:var(--wpex-rounded-full);color:#50535d!important;border:1px solid #50535D;font-size:13px;font-family:Montserrat, sans-serif;font-weight:400;text-transform:uppercase;}.vcex-button.vcex_69d05be8cf408:hover{background:#50535d!important;color:#fff8f1!important;}<\/style><div class=\"theme-button-wrap textcenter wpex-clr\"><a href=\"https:\/\/cafeteriasense.com\/es\/fiestas-privadas-badalona\/\" class=\"vcex-button theme-button minimal-border align-center inline vcex_69d05be8cf408\" title=\"M\u00e9s informaci\u00f3\"><span class=\"vcex-button-inner theme-button-inner wpex-flex wpex-flex-wrap wpex-items-center wpex-justify-center\">M\u00e1s informaci\u00f3n<span class=\"vcex-button-icon vcex-icon-wrap theme-button-icon-right\"><span class=\"wpex-icon wpex-icon--bidi\" aria-hidden=\"true\"><svg xmlns=\"http:\/\/www.w3.org\/2000\/svg\" viewBox=\"0 0 320 512\"><path d=\"M278.6 233.4c12.5 12.5 12.5 32.8 0 45.3l-160 160c-12.5 12.5-32.8 12.5-45.3 0s-12.5-32.8 0-45.3L210.7 256 73.4 118.6c-12.5-12.5-12.5-32.8 0-45.3s32.8-12.5 45.3 0l160 160z\"\/><\/svg><\/span><\/span><\/span><\/a><\/div> [vc_empty_space height=\u00bb15px\u00bb][\/vc_column_inner][\/vc_row_inner][\/vc_column][\/vc_row][\/vc_section]\n<\/div>","protected":false},"excerpt":{"rendered":"<p>[vc_section full_width=\u00bbstretch_row_content\u00bb css=\u00bb.vc_custom_1752217776402{padding-top: 80px !important;padding-bottom: 80px !important;}\u00bb][vc_row remove_bottom_col_margin=\u00bbtrue\u00bb][vc_column width=\u00bb1\/3&#8243;][vc_single_image image=\u00bb5134&#8243; css=\u00bb\u00bb][vc_row_inner][vc_column_inner][\/vc_column_inner][\/vc_row_inner][vc_column_text css=\u00bb\u00bb text_align=\u00bbcenter\u00bb color=\u00bb#50535d\u00bb font_size=\u00bb16px\u00bb]Disponemos de una amplia selecci\u00f3n de bocadillos fr\u00edos en diferentes formatos, as\u00ed como bocadillos calientes a la plancha, tostadas, croissants, caf\u00e9 y zumos naturales.[\/vc_column_text][vc_empty_space height=\u00bb25px\u00bb][vc_empty_space height=\u00bb15px\u00bb][\/vc_column][vc_column width=\u00bb1\/3&#8243;][vc_single_image image=\u00bb5217&#8243; css=\u00bb\u00bb][vc_row_inner][vc_column_inner][vc_column_text css=\u00bb\u00bb text_align=\u00bbcenter\u00bb color=\u00bb#50535d\u00bb font_size=\u00bb16px\u00bb]Cada semana proponemos un men\u00fa de mediod\u00eda con cinco&hellip;<\/p>\n","protected":false},"author":1,"featured_media":0,"parent":0,"menu_order":0,"comment_status":"closed","ping_status":"closed","template":"","meta":{"footnotes":""},"class_list":["post-5089","page","type-page","status-publish","hentry","entry","no-media"],"yoast_head":"<!-- This site is optimized with the Yoast SEO plugin v25.8 - https:\/\/yoast.com\/wordpress\/plugins\/seo\/ -->\n<title>Oferta gastron\u00f3mica - SenSe Caf\u00e8<\/title>\n<meta name=\"robots\" content=\"index, follow, max-snippet:-1, max-image-preview:large, max-video-preview:-1\" \/>\n<link rel=\"canonical\" href=\"https:\/\/cafeteriasense.com\/es\/oferta-gastronomica\/\" \/>\n<meta property=\"og:locale\" content=\"es_ES\" \/>\n<meta property=\"og:type\" content=\"article\" \/>\n<meta property=\"og:title\" content=\"Oferta gastron\u00f3mica - SenSe Caf\u00e8\" \/>\n<meta property=\"og:description\" content=\"[vc_section full_width=\u00bbstretch_row_content\u00bb css=\u00bb.vc_custom_1752217776402{padding-top: 80px !important;padding-bottom: 80px !important;}\u00bb][vc_row remove_bottom_col_margin=\u00bbtrue\u00bb][vc_column width=\u00bb1\/3&#8243;][vc_single_image image=\u00bb5134&#8243; css=\u00bb\u00bb][vc_row_inner][vc_column_inner][\/vc_column_inner][\/vc_row_inner][vc_column_text css=\u00bb\u00bb text_align=\u00bbcenter\u00bb color=\u00bb#50535d\u00bb font_size=\u00bb16px\u00bb]Disponemos de una amplia selecci\u00f3n de bocadillos fr\u00edos en diferentes formatos, as\u00ed como bocadillos calientes a la plancha, tostadas, croissants, caf\u00e9 y zumos naturales.[\/vc_column_text][vc_empty_space height=\u00bb25px\u00bb][vc_empty_space height=\u00bb15px\u00bb][\/vc_column][vc_column width=\u00bb1\/3&#8243;][vc_single_image image=\u00bb5217&#8243; css=\u00bb\u00bb][vc_row_inner][vc_column_inner][vc_column_text css=\u00bb\u00bb text_align=\u00bbcenter\u00bb color=\u00bb#50535d\u00bb font_size=\u00bb16px\u00bb]Cada semana proponemos un men\u00fa de mediod\u00eda con cinco&hellip;\" \/>\n<meta property=\"og:url\" content=\"https:\/\/cafeteriasense.com\/es\/oferta-gastronomica\/\" \/>\n<meta property=\"og:site_name\" content=\"SenSe Caf\u00e8\" \/>\n<meta property=\"article:modified_time\" content=\"2026-03-10T14:56:38+00:00\" \/>\n<meta name=\"twitter:card\" content=\"summary_large_image\" \/>\n<meta name=\"twitter:label1\" content=\"Tiempo de lectura\" \/>\n\t<meta name=\"twitter:data1\" content=\"2 minutos\" \/>\n<script type=\"application\/ld+json\" class=\"yoast-schema-graph\">{\"@context\":\"https:\/\/schema.org\",\"@graph\":[{\"@type\":\"WebPage\",\"@id\":\"https:\/\/cafeteriasense.com\/es\/oferta-gastronomica\/\",\"url\":\"https:\/\/cafeteriasense.com\/es\/oferta-gastronomica\/\",\"name\":\"Oferta gastron\u00f3mica - SenSe Caf\u00e8\",\"isPartOf\":{\"@id\":\"https:\/\/cafeteriasense.com\/#website\"},\"datePublished\":\"2025-08-14T08:15:57+00:00\",\"dateModified\":\"2026-03-10T14:56:38+00:00\",\"breadcrumb\":{\"@id\":\"https:\/\/cafeteriasense.com\/es\/oferta-gastronomica\/#breadcrumb\"},\"inLanguage\":\"es\",\"potentialAction\":[{\"@type\":\"ReadAction\",\"target\":[\"https:\/\/cafeteriasense.com\/es\/oferta-gastronomica\/\"]}]},{\"@type\":\"BreadcrumbList\",\"@id\":\"https:\/\/cafeteriasense.com\/es\/oferta-gastronomica\/#breadcrumb\",\"itemListElement\":[{\"@type\":\"ListItem\",\"position\":1,\"name\":\"Home\",\"item\":\"https:\/\/cafeteriasense.com\/es\/\"},{\"@type\":\"ListItem\",\"position\":2,\"name\":\"Oferta gastron\u00f3mica\"}]},{\"@type\":\"WebSite\",\"@id\":\"https:\/\/cafeteriasense.com\/#website\",\"url\":\"https:\/\/cafeteriasense.com\/\",\"name\":\"SenSe Caf\u00e8\",\"description\":\"Cafeteria al cor de Badalona\",\"publisher\":{\"@id\":\"https:\/\/cafeteriasense.com\/#organization\"},\"potentialAction\":[{\"@type\":\"SearchAction\",\"target\":{\"@type\":\"EntryPoint\",\"urlTemplate\":\"https:\/\/cafeteriasense.com\/?s={search_term_string}\"},\"query-input\":{\"@type\":\"PropertyValueSpecification\",\"valueRequired\":true,\"valueName\":\"search_term_string\"}}],\"inLanguage\":\"es\"},{\"@type\":\"Organization\",\"@id\":\"https:\/\/cafeteriasense.com\/#organization\",\"name\":\"SenSe Caf\u00e8\",\"url\":\"https:\/\/cafeteriasense.com\/\",\"logo\":{\"@type\":\"ImageObject\",\"inLanguage\":\"es\",\"@id\":\"https:\/\/cafeteriasense.com\/#\/schema\/logo\/image\/\",\"url\":\"https:\/\/cafeteriasense.com\/wp-content\/uploads\/2025\/08\/logo-blanc.png\",\"contentUrl\":\"https:\/\/cafeteriasense.com\/wp-content\/uploads\/2025\/08\/logo-blanc.png\",\"width\":682,\"height\":319,\"caption\":\"SenSe Caf\u00e8\"},\"image\":{\"@id\":\"https:\/\/cafeteriasense.com\/#\/schema\/logo\/image\/\"}}]}<\/script>\n<!-- \/ Yoast SEO plugin. -->","yoast_head_json":{"title":"Oferta gastron\u00f3mica - SenSe Caf\u00e8","robots":{"index":"index","follow":"follow","max-snippet":"max-snippet:-1","max-image-preview":"max-image-preview:large","max-video-preview":"max-video-preview:-1"},"canonical":"https:\/\/cafeteriasense.com\/es\/oferta-gastronomica\/","og_locale":"es_ES","og_type":"article","og_title":"Oferta gastron\u00f3mica - SenSe Caf\u00e8","og_description":"[vc_section full_width=\u00bbstretch_row_content\u00bb css=\u00bb.vc_custom_1752217776402{padding-top: 80px !important;padding-bottom: 80px !important;}\u00bb][vc_row remove_bottom_col_margin=\u00bbtrue\u00bb][vc_column width=\u00bb1\/3&#8243;][vc_single_image image=\u00bb5134&#8243; css=\u00bb\u00bb][vc_row_inner][vc_column_inner][\/vc_column_inner][\/vc_row_inner][vc_column_text css=\u00bb\u00bb text_align=\u00bbcenter\u00bb color=\u00bb#50535d\u00bb font_size=\u00bb16px\u00bb]Disponemos de una amplia selecci\u00f3n de bocadillos fr\u00edos en diferentes formatos, as\u00ed como bocadillos calientes a la plancha, tostadas, croissants, caf\u00e9 y zumos naturales.[\/vc_column_text][vc_empty_space height=\u00bb25px\u00bb][vc_empty_space height=\u00bb15px\u00bb][\/vc_column][vc_column width=\u00bb1\/3&#8243;][vc_single_image image=\u00bb5217&#8243; css=\u00bb\u00bb][vc_row_inner][vc_column_inner][vc_column_text css=\u00bb\u00bb text_align=\u00bbcenter\u00bb color=\u00bb#50535d\u00bb font_size=\u00bb16px\u00bb]Cada semana proponemos un men\u00fa de mediod\u00eda con cinco&hellip;","og_url":"https:\/\/cafeteriasense.com\/es\/oferta-gastronomica\/","og_site_name":"SenSe Caf\u00e8","article_modified_time":"2026-03-10T14:56:38+00:00","twitter_card":"summary_large_image","twitter_misc":{"Tiempo de lectura":"2 minutos"},"schema":{"@context":"https:\/\/schema.org","@graph":[{"@type":"WebPage","@id":"https:\/\/cafeteriasense.com\/es\/oferta-gastronomica\/","url":"https:\/\/cafeteriasense.com\/es\/oferta-gastronomica\/","name":"Oferta gastron\u00f3mica - SenSe Caf\u00e8","isPartOf":{"@id":"https:\/\/cafeteriasense.com\/#website"},"datePublished":"2025-08-14T08:15:57+00:00","dateModified":"2026-03-10T14:56:38+00:00","breadcrumb":{"@id":"https:\/\/cafeteriasense.com\/es\/oferta-gastronomica\/#breadcrumb"},"inLanguage":"es","potentialAction":[{"@type":"ReadAction","target":["https:\/\/cafeteriasense.com\/es\/oferta-gastronomica\/"]}]},{"@type":"BreadcrumbList","@id":"https:\/\/cafeteriasense.com\/es\/oferta-gastronomica\/#breadcrumb","itemListElement":[{"@type":"ListItem","position":1,"name":"Home","item":"https:\/\/cafeteriasense.com\/es\/"},{"@type":"ListItem","position":2,"name":"Oferta gastron\u00f3mica"}]},{"@type":"WebSite","@id":"https:\/\/cafeteriasense.com\/#website","url":"https:\/\/cafeteriasense.com\/","name":"SenSe Caf\u00e8","description":"Cafeteria al cor de Badalona","publisher":{"@id":"https:\/\/cafeteriasense.com\/#organization"},"potentialAction":[{"@type":"SearchAction","target":{"@type":"EntryPoint","urlTemplate":"https:\/\/cafeteriasense.com\/?s={search_term_string}"},"query-input":{"@type":"PropertyValueSpecification","valueRequired":true,"valueName":"search_term_string"}}],"inLanguage":"es"},{"@type":"Organization","@id":"https:\/\/cafeteriasense.com\/#organization","name":"SenSe Caf\u00e8","url":"https:\/\/cafeteriasense.com\/","logo":{"@type":"ImageObject","inLanguage":"es","@id":"https:\/\/cafeteriasense.com\/#\/schema\/logo\/image\/","url":"https:\/\/cafeteriasense.com\/wp-content\/uploads\/2025\/08\/logo-blanc.png","contentUrl":"https:\/\/cafeteriasense.com\/wp-content\/uploads\/2025\/08\/logo-blanc.png","width":682,"height":319,"caption":"SenSe Caf\u00e8"},"image":{"@id":"https:\/\/cafeteriasense.com\/#\/schema\/logo\/image\/"}}]}},"_links":{"self":[{"href":"https:\/\/cafeteriasense.com\/es\/wp-json\/wp\/v2\/pages\/5089","targetHints":{"allow":["GET"]}}],"collection":[{"href":"https:\/\/cafeteriasense.com\/es\/wp-json\/wp\/v2\/pages"}],"about":[{"href":"https:\/\/cafeteriasense.com\/es\/wp-json\/wp\/v2\/types\/page"}],"author":[{"embeddable":true,"href":"https:\/\/cafeteriasense.com\/es\/wp-json\/wp\/v2\/users\/1"}],"replies":[{"embeddable":true,"href":"https:\/\/cafeteriasense.com\/es\/wp-json\/wp\/v2\/comments?post=5089"}],"version-history":[{"count":16,"href":"https:\/\/cafeteriasense.com\/es\/wp-json\/wp\/v2\/pages\/5089\/revisions"}],"predecessor-version":[{"id":5530,"href":"https:\/\/cafeteriasense.com\/es\/wp-json\/wp\/v2\/pages\/5089\/revisions\/5530"}],"wp:attachment":[{"href":"https:\/\/cafeteriasense.com\/es\/wp-json\/wp\/v2\/media?parent=5089"}],"curies":[{"name":"wp","href":"https:\/\/api.w.org\/{rel}","templated":true}]}}