{"id":5088,"date":"2025-08-14T08:14:59","date_gmt":"2025-08-14T08:14:59","guid":{"rendered":"https:\/\/cafeteriasense.com\/nosaltres\/"},"modified":"2026-03-10T11:57:56","modified_gmt":"2026-03-10T11:57:56","slug":"nosotros","status":"publish","type":"page","link":"https:\/\/cafeteriasense.com\/es\/nosotros\/","title":{"rendered":"Nosotros"},"content":{"rendered":"<div class=\"wpb-content-wrapper\">[vc_section full_width=\u00bbstretch_row_content\u00bb css=\u00bb.vc_custom_1762257156921{padding-top: 80px !important;padding-bottom: 80px !important;}\u00bb][vc_row content_placement=\u00bbmiddle\u00bb column_spacing=\u00bb0px\u00bb equal_height=\u00bbyes\u00bb remove_bottom_col_margin=\u00bbtrue\u00bb tablet_fullwidth_cols=\u00bbyes\u00bb max_width_custom=\u00bb1200px\u00bb][vc_column width=\u00bb1\/2&#8243; el_class=\u00bbcaixa-about-text-home\u00bb][vc_column_text css=\u00bb\u00bb el_class=\u00bbjustificar\u00bb]\n<p data-pm-slice=\"1 1 []\">Marc y Naima son una pareja unida tanto a la vida cotidiana, como en la pasi\u00f3n por la hosteler\u00eda.<\/p>\n<p data-pm-slice=\"1 1 []\">Marc, con m\u00e1s de quince a\u00f1os de experiencia entre fogones, ha dedicado su carrera a perfeccionar su t\u00e9cnica y crear platos que combinan sabor, tradici\u00f3n y creatividad. Su amor por la cocina se refleja en cada detalle, desde la selecci\u00f3n de los ingredientes hasta la presentaci\u00f3n de cada plato.<\/p>\n<p data-pm-slice=\"1 1 []\">Naima, por su parte, ha trabajado durante a\u00f1os como camarera, desarrollando un don natural para el trato con la gente. Alegre, cercana y profesional, es de esas personas que hacen sentir a cada cliente como en casa. La sonrisa y la energ\u00eda son el alma de cualquier local en el que trabaja.<\/p>\n<p data-pm-slice=\"1 1 []\">Despu\u00e9s de muchos a\u00f1os en el sector, Marc y Naima deciden dar un paso m\u00e1s: formar una familia y buscar un equilibrio entre el trabajo y la vida personal.<\/p>\n<p data-pm-slice=\"1 1 []\">Con esta ilusi\u00f3n, nace el proyecto conjunto: una acogedora cafeter\u00eda en Badalona, \u200b\u200b<strong>SenSe<\/strong>. Un espacio c\u00e1lido, con el aroma del caf\u00e9 reci\u00e9n hecho y platos preparados con cari\u00f1o, donde los vecinos pueden disfrutar de un rinc\u00f3n familiar y aut\u00e9ntico. Su cafeter\u00eda no s\u00f3lo es un negocio, sino la culminaci\u00f3n de un sue\u00f1o compartido: unir sus talentos, crear algo propio y ofrecer a su comunidad un lugar donde se respire proximidad, buena comida y pasi\u00f3n por lo que hacen.<\/p>\n<p>SenSe complejos, SenSe pretensiones&#8230;. as\u00ed es el SenSe.[\/vc_column_text][\/vc_column][vc_column width=\u00bb1\/2&#8243; min_height=\u00bb500px\u00bb css=\u00bb.vc_custom_1762261396697{background-image: url(https:\/\/cafeteriasense.com\/wp-content\/uploads\/2025\/11\/10.jpg?id=5176) !important;background-position: center !important;background-repeat: no-repeat !important;background-size: cover !important;}\u00bb][\/vc_column][\/vc_row][\/vc_section]\n<\/div>","protected":false},"excerpt":{"rendered":"<p>[vc_section full_width=\u00bbstretch_row_content\u00bb css=\u00bb.vc_custom_1762257156921{padding-top: 80px !important;padding-bottom: 80px !important;}\u00bb][vc_row content_placement=\u00bbmiddle\u00bb column_spacing=\u00bb0px\u00bb equal_height=\u00bbyes\u00bb remove_bottom_col_margin=\u00bbtrue\u00bb tablet_fullwidth_cols=\u00bbyes\u00bb max_width_custom=\u00bb1200px\u00bb][vc_column width=\u00bb1\/2&#8243; el_class=\u00bbcaixa-about-text-home\u00bb][vc_column_text css=\u00bb\u00bb el_class=\u00bbjustificar\u00bb] Marc y Naima son una pareja unida tanto a la vida cotidiana, como en la pasi\u00f3n por la hosteler\u00eda. Marc, con m\u00e1s de quince a\u00f1os de experiencia entre fogones, ha dedicado su carrera a perfeccionar su t\u00e9cnica y&hellip;<\/p>\n","protected":false},"author":1,"featured_media":0,"parent":0,"menu_order":0,"comment_status":"closed","ping_status":"closed","template":"","meta":{"footnotes":""},"class_list":["post-5088","page","type-page","status-publish","hentry","entry","no-media"],"yoast_head":"<!-- This site is optimized with the Yoast SEO plugin v25.8 - https:\/\/yoast.com\/wordpress\/plugins\/seo\/ -->\n<title>Nosotros - SenSe Caf\u00e8<\/title>\n<meta name=\"description\" content=\"Descubre SenSe Caf\u00e8 en Badalona, un espacio acogedor para disfrutar de caf\u00e9, platillos, sonrisas y buenos momentos en buena compa\u00f1\u00eda.\" \/>\n<meta name=\"robots\" content=\"index, follow, max-snippet:-1, max-image-preview:large, max-video-preview:-1\" \/>\n<link rel=\"canonical\" href=\"https:\/\/cafeteriasense.com\/es\/nosotros\/\" \/>\n<meta property=\"og:locale\" content=\"es_ES\" \/>\n<meta property=\"og:type\" content=\"article\" \/>\n<meta property=\"og:title\" content=\"Nosotros - SenSe Caf\u00e8\" \/>\n<meta property=\"og:description\" content=\"Descubre SenSe Caf\u00e8 en Badalona, un espacio acogedor para disfrutar de caf\u00e9, platillos, sonrisas y buenos momentos en buena compa\u00f1\u00eda.\" \/>\n<meta property=\"og:url\" content=\"https:\/\/cafeteriasense.com\/es\/nosotros\/\" \/>\n<meta property=\"og:site_name\" content=\"SenSe Caf\u00e8\" \/>\n<meta property=\"article:modified_time\" content=\"2026-03-10T11:57:56+00:00\" \/>\n<meta name=\"twitter:card\" content=\"summary_large_image\" \/>\n<meta name=\"twitter:label1\" content=\"Tiempo de lectura\" \/>\n\t<meta name=\"twitter:data1\" content=\"2 minutos\" \/>\n<script type=\"application\/ld+json\" class=\"yoast-schema-graph\">{\"@context\":\"https:\/\/schema.org\",\"@graph\":[{\"@type\":\"WebPage\",\"@id\":\"https:\/\/cafeteriasense.com\/es\/nosotros\/\",\"url\":\"https:\/\/cafeteriasense.com\/es\/nosotros\/\",\"name\":\"Nosotros - SenSe Caf\u00e8\",\"isPartOf\":{\"@id\":\"https:\/\/cafeteriasense.com\/#website\"},\"datePublished\":\"2025-08-14T08:14:59+00:00\",\"dateModified\":\"2026-03-10T11:57:56+00:00\",\"description\":\"Descubre SenSe Caf\u00e8 en Badalona, un espacio acogedor para disfrutar de caf\u00e9, platillos, sonrisas y buenos momentos en buena compa\u00f1\u00eda.\",\"breadcrumb\":{\"@id\":\"https:\/\/cafeteriasense.com\/es\/nosotros\/#breadcrumb\"},\"inLanguage\":\"es\",\"potentialAction\":[{\"@type\":\"ReadAction\",\"target\":[\"https:\/\/cafeteriasense.com\/es\/nosotros\/\"]}]},{\"@type\":\"BreadcrumbList\",\"@id\":\"https:\/\/cafeteriasense.com\/es\/nosotros\/#breadcrumb\",\"itemListElement\":[{\"@type\":\"ListItem\",\"position\":1,\"name\":\"Home\",\"item\":\"https:\/\/cafeteriasense.com\/es\/\"},{\"@type\":\"ListItem\",\"position\":2,\"name\":\"Nosotros\"}]},{\"@type\":\"WebSite\",\"@id\":\"https:\/\/cafeteriasense.com\/#website\",\"url\":\"https:\/\/cafeteriasense.com\/\",\"name\":\"SenSe Caf\u00e8\",\"description\":\"Cafeteria al cor de Badalona\",\"publisher\":{\"@id\":\"https:\/\/cafeteriasense.com\/#organization\"},\"potentialAction\":[{\"@type\":\"SearchAction\",\"target\":{\"@type\":\"EntryPoint\",\"urlTemplate\":\"https:\/\/cafeteriasense.com\/?s={search_term_string}\"},\"query-input\":{\"@type\":\"PropertyValueSpecification\",\"valueRequired\":true,\"valueName\":\"search_term_string\"}}],\"inLanguage\":\"es\"},{\"@type\":\"Organization\",\"@id\":\"https:\/\/cafeteriasense.com\/#organization\",\"name\":\"SenSe Caf\u00e8\",\"url\":\"https:\/\/cafeteriasense.com\/\",\"logo\":{\"@type\":\"ImageObject\",\"inLanguage\":\"es\",\"@id\":\"https:\/\/cafeteriasense.com\/#\/schema\/logo\/image\/\",\"url\":\"https:\/\/cafeteriasense.com\/wp-content\/uploads\/2025\/08\/logo-blanc.png\",\"contentUrl\":\"https:\/\/cafeteriasense.com\/wp-content\/uploads\/2025\/08\/logo-blanc.png\",\"width\":682,\"height\":319,\"caption\":\"SenSe Caf\u00e8\"},\"image\":{\"@id\":\"https:\/\/cafeteriasense.com\/#\/schema\/logo\/image\/\"}}]}<\/script>\n<!-- \/ Yoast SEO plugin. -->","yoast_head_json":{"title":"Nosotros - SenSe Caf\u00e8","description":"Descubre SenSe Caf\u00e8 en Badalona, un espacio acogedor para disfrutar de caf\u00e9, platillos, sonrisas y buenos momentos en buena compa\u00f1\u00eda.","robots":{"index":"index","follow":"follow","max-snippet":"max-snippet:-1","max-image-preview":"max-image-preview:large","max-video-preview":"max-video-preview:-1"},"canonical":"https:\/\/cafeteriasense.com\/es\/nosotros\/","og_locale":"es_ES","og_type":"article","og_title":"Nosotros - SenSe Caf\u00e8","og_description":"Descubre SenSe Caf\u00e8 en Badalona, un espacio acogedor para disfrutar de caf\u00e9, platillos, sonrisas y buenos momentos en buena compa\u00f1\u00eda.","og_url":"https:\/\/cafeteriasense.com\/es\/nosotros\/","og_site_name":"SenSe Caf\u00e8","article_modified_time":"2026-03-10T11:57:56+00:00","twitter_card":"summary_large_image","twitter_misc":{"Tiempo de lectura":"2 minutos"},"schema":{"@context":"https:\/\/schema.org","@graph":[{"@type":"WebPage","@id":"https:\/\/cafeteriasense.com\/es\/nosotros\/","url":"https:\/\/cafeteriasense.com\/es\/nosotros\/","name":"Nosotros - SenSe Caf\u00e8","isPartOf":{"@id":"https:\/\/cafeteriasense.com\/#website"},"datePublished":"2025-08-14T08:14:59+00:00","dateModified":"2026-03-10T11:57:56+00:00","description":"Descubre SenSe Caf\u00e8 en Badalona, un espacio acogedor para disfrutar de caf\u00e9, platillos, sonrisas y buenos momentos en buena compa\u00f1\u00eda.","breadcrumb":{"@id":"https:\/\/cafeteriasense.com\/es\/nosotros\/#breadcrumb"},"inLanguage":"es","potentialAction":[{"@type":"ReadAction","target":["https:\/\/cafeteriasense.com\/es\/nosotros\/"]}]},{"@type":"BreadcrumbList","@id":"https:\/\/cafeteriasense.com\/es\/nosotros\/#breadcrumb","itemListElement":[{"@type":"ListItem","position":1,"name":"Home","item":"https:\/\/cafeteriasense.com\/es\/"},{"@type":"ListItem","position":2,"name":"Nosotros"}]},{"@type":"WebSite","@id":"https:\/\/cafeteriasense.com\/#website","url":"https:\/\/cafeteriasense.com\/","name":"SenSe Caf\u00e8","description":"Cafeteria al cor de Badalona","publisher":{"@id":"https:\/\/cafeteriasense.com\/#organization"},"potentialAction":[{"@type":"SearchAction","target":{"@type":"EntryPoint","urlTemplate":"https:\/\/cafeteriasense.com\/?s={search_term_string}"},"query-input":{"@type":"PropertyValueSpecification","valueRequired":true,"valueName":"search_term_string"}}],"inLanguage":"es"},{"@type":"Organization","@id":"https:\/\/cafeteriasense.com\/#organization","name":"SenSe Caf\u00e8","url":"https:\/\/cafeteriasense.com\/","logo":{"@type":"ImageObject","inLanguage":"es","@id":"https:\/\/cafeteriasense.com\/#\/schema\/logo\/image\/","url":"https:\/\/cafeteriasense.com\/wp-content\/uploads\/2025\/08\/logo-blanc.png","contentUrl":"https:\/\/cafeteriasense.com\/wp-content\/uploads\/2025\/08\/logo-blanc.png","width":682,"height":319,"caption":"SenSe Caf\u00e8"},"image":{"@id":"https:\/\/cafeteriasense.com\/#\/schema\/logo\/image\/"}}]}},"_links":{"self":[{"href":"https:\/\/cafeteriasense.com\/es\/wp-json\/wp\/v2\/pages\/5088","targetHints":{"allow":["GET"]}}],"collection":[{"href":"https:\/\/cafeteriasense.com\/es\/wp-json\/wp\/v2\/pages"}],"about":[{"href":"https:\/\/cafeteriasense.com\/es\/wp-json\/wp\/v2\/types\/page"}],"author":[{"embeddable":true,"href":"https:\/\/cafeteriasense.com\/es\/wp-json\/wp\/v2\/users\/1"}],"replies":[{"embeddable":true,"href":"https:\/\/cafeteriasense.com\/es\/wp-json\/wp\/v2\/comments?post=5088"}],"version-history":[{"count":5,"href":"https:\/\/cafeteriasense.com\/es\/wp-json\/wp\/v2\/pages\/5088\/revisions"}],"predecessor-version":[{"id":5237,"href":"https:\/\/cafeteriasense.com\/es\/wp-json\/wp\/v2\/pages\/5088\/revisions\/5237"}],"wp:attachment":[{"href":"https:\/\/cafeteriasense.com\/es\/wp-json\/wp\/v2\/media?parent=5088"}],"curies":[{"name":"wp","href":"https:\/\/api.w.org\/{rel}","templated":true}]}}